{"id":63,"date":"2014-01-30T16:51:57","date_gmt":"2014-01-30T21:51:57","guid":{"rendered":"http:\/\/psftest.csbe.qc.ca\/?page_id=63"},"modified":"2022-11-06T21:03:30","modified_gmt":"2022-11-07T02:03:30","slug":"la-fondation-de-la-psf","status":"publish","type":"page","link":"https:\/\/psf.cssbe.gouv.qc.ca\/?page_id=63","title":{"rendered":"La fondation de la PSF"},"content":{"rendered":"<h3>Son origine<\/h3>\n<ul>\n<li>En f\u00e9vrier 2004, quelques personnes se r\u00e9unissaient pour jeter les bases de la fondation<\/li>\n<li>Le 31 mai 2004, le conseil d\u2019administration \u00e9tait form\u00e9 en assembl\u00e9e g\u00e9n\u00e9rale<\/li>\n<li>En ao\u00fbt 2004, la fondation \u00e9tait enregistr\u00e9e et recevait ses lettres patentes<\/li>\n<li>En avril 2006, la fondation recevait son accr\u00e9ditation comme organisme de bienfaisance<\/li>\n<\/ul>\n<p style=\"text-align: left;\"><strong>En date du 1 novembre 2022, les membres du conseil d\u2019administration sont :<\/strong><\/p>\n<ul>\n<li>Monsieur Christian Duval, pr\u00e9sident<\/li>\n<li>Madame Anne B\u00e9gin, directrice de la polyvalente<\/li>\n<li>Monsieur Raynald Goudreau<\/li>\n<li>Madame Th\u00e9r\u00e8se Leclerc<\/li>\n<\/ul>\n<p><span style=\"font-size: small;\">\u00a0<\/span><\/p>\n<h3>Sa mission<\/h3>\n<p><strong>Soutenir financi\u00e8rement les \u00e9l\u00e8ves et ses principaux secteurs d\u2019implication sont les suivants :<\/strong><\/p>\n<ul>\n<li>Supporter des projets \u00e9tudiants<\/li>\n<li>Accorder des bourses \u00e0 des \u00e9l\u00e8ves m\u00e9ritants<\/li>\n<li>Accorder un support financier \u00e0 des cas particuliers d\u2019\u00e9l\u00e8ves dans le besoin<\/li>\n<\/ul>\n<p><strong>La Fondation de la polyvalente Saint-Fran\u00e7ois vise \u00e0 :<\/strong><\/p>\n<ul>\n<li>Soutenir les diff\u00e9rents programmes d\u2019enseignement offerts par l\u2019\u00e9cole<\/li>\n<li>Promouvoir l\u2019excellence et l\u2019initiative en lien avec le projet \u00e9ducatif<\/li>\n<li>Cultiver le go\u00fbt du beau sous toutes ses formes, notamment en art, en litt\u00e9rature et en musique<\/li>\n<li>Soutenir le sport scolaire<\/li>\n<li>Former la rel\u00e8ve<\/li>\n<li>Stimuler les talents des \u00e9tudiants<\/li>\n<li>Contribuer au d\u00e9veloppement de notre r\u00e9gion<\/li>\n<\/ul>\n<p><strong>Parmi ses r\u00e9alisations pass\u00e9es citons :<\/strong><\/p>\n<ul>\n<li>Aide au financement d\u2019une salle de musculation<\/li>\n<li>Support annuel aux voyages d\u2019aide humanitaire<\/li>\n<li>Am\u00e9nagement ext\u00e9rieur de l\u2019\u00e9cole au printemps 2010<\/li>\n<li>Soutien au projet Plein-Art visant \u00e0 promouvoir la culture et les arts tout en encourageant les talents de nos \u00e9l\u00e8ves<\/li>\n<li>Bourses remises au gala M\u00e9ritas annuel aux \u00e9l\u00e8ves s\u2019\u00e9tant d\u00e9marqu\u00e9s par leurs r\u00e9sultats, leur effort ou leur implication dans l\u2019\u00e9cole<\/li>\n<li>Am\u00e9nagement de l\u2019auditorium en 2009<\/li>\n<li>Soutien \u00e0 des \u00e9l\u00e8ves du P.\u00c9.I. particuli\u00e8rement dans le besoin<\/li>\n<\/ul>\n<h3>Ses sources de financement<\/h3>\n<p style=\"padding-left: 30px;\">En tout temps, mais particuli\u00e8rement lors de campagnes de financement, la fondation recueille des dons aupr\u00e8s des personnes ayant fr\u00e9quent\u00e9 notre institution, aupr\u00e8s d\u2019entreprises, de groupes sociaux ou des individus de la r\u00e9gion soucieux de promouvoir l\u2019\u00e9ducation.<\/p>\n<p style=\"padding-left: 30px;\">On peut contribuer au financement en faisant un don, un legs ou en devenant membre de la fondation. L\u2019organisation de quelques activit\u00e9s populaires constitue \u00e9galement une source de financement. L\u2019achat symbolique d\u2019un si\u00e8ge \u00e0 l\u2019auditorium au co\u00fbt de 100 $ est un autre moyen de contribution.<\/p>\n<h3>Vente virtuelle de si\u00e8ge \u00e0 l\u2019auditorium<\/h3>\n<p style=\"padding-left: 30px;\">Une autre activit\u00e9 de financement consiste en la vente virtuelle de si\u00e8ges de l\u2019auditorium de la polyvalente. Une plaque sur chaque si\u00e8ge identifie l\u2019acheteur virtuel. Les si\u00e8ges sont vendus au co\u00fbt de 100$.<\/p>\n<h3>Souscription :<\/h3>\n<p>Il est \u00e9galement possible de souscrire \u00e0 la fondation sur une base annuelle ou \u00e0 vie:<\/p>\n<ul>\n<li>Souscription annuelle : 10 $<\/li>\n<li>Souscription \u00e0 vie : 1 000 $<\/li>\n<\/ul>\n<h3>Contribution de la fondation<\/h3>\n<p style=\"padding-left: 30px;\">Jusqu\u2019\u00e0 maintenant, la fondation a retourn\u00e9 \u00e0 l\u2019\u00e9cole 11 900$ en \u00e9quipements et am\u00e9nagements, 5 135$ en bourses diverses et 18 528$ en soutien aux voyages humanitaires pour un grand total de 35 563$<\/p>\n<p style=\"padding-left: 30px;\">Pour plus d\u2019information ou pour encourager la Fondation polyvalente Saint-Fran\u00e7ois, vous pouvez nous rejoindre par t\u00e9l\u00e9phone, (418) 228-5541 au poste 5226 ou par courriel \u00e0 <a href=\"mailto:psf.pei@csbe.qc.ca\">psf.pei@csbe.qc.ca<\/a><\/p>\n<h3><\/h3>\n<p style=\"text-align: center;\">\n","protected":false},"excerpt":{"rendered":"<p>Son origine En f\u00e9vrier 2004, quelques personnes se r\u00e9unissaient pour jeter les bases de la fondation Le 31 mai 2004, le conseil d\u2019administration \u00e9tait form\u00e9 en assembl\u00e9e g\u00e9n\u00e9rale En ao\u00fbt 2004, la fondation \u00e9tait enregistr\u00e9e et recevait ses lettres patentes En avril 2006, la fondation recevait son accr\u00e9ditation comme organisme de bienfaisance En date du 1 novembre 2022, les membres du conseil d\u2019administration sont : Monsieur Christian Duval, pr\u00e9sident Madame Anne B\u00e9gin, directrice de la polyvalente Monsieur Raynald Goudreau Madame Th\u00e9r\u00e8se Leclerc \u00a0 Sa mission Soutenir financi\u00e8rement les \u00e9l\u00e8ves et ses principaux secteurs d\u2019implication sont les suivants : Supporter des projets \u00e9tudiants Accorder des bourses \u00e0 des \u00e9l\u00e8ves m\u00e9ritants Accorder un support financier \u00e0 des cas particuliers d\u2019\u00e9l\u00e8ves dans le besoin La Fondation de la polyvalente Saint-Fran\u00e7ois vise \u00e0 : Soutenir les diff\u00e9rents programmes d\u2019enseignement offerts par l\u2019\u00e9cole Promouvoir l\u2019excellence et l\u2019initiative en lien avec le projet \u00e9ducatif Cultiver le go\u00fbt du beau sous toutes ses formes, notamment en art, en litt\u00e9rature et en musique Soutenir le sport scolaire Former la rel\u00e8ve Stimuler les talents des \u00e9tudiants Contribuer au d\u00e9veloppement de notre r\u00e9gion Parmi ses r\u00e9alisations pass\u00e9es citons : Aide au financement d\u2019une salle de musculation Support annuel aux voyages d\u2019aide humanitaire Am\u00e9nagement ext\u00e9rieur de l\u2019\u00e9cole au printemps 2010 Soutien au projet Plein-Art visant \u00e0 promouvoir la culture et les arts tout en encourageant les talents de nos \u00e9l\u00e8ves Bourses remises au gala M\u00e9ritas annuel aux \u00e9l\u00e8ves s\u2019\u00e9tant d\u00e9marqu\u00e9s par leurs r\u00e9sultats, leur effort ou leur implication dans l\u2019\u00e9cole Am\u00e9nagement de l\u2019auditorium en 2009 Soutien \u00e0 des \u00e9l\u00e8ves du P.\u00c9.I. particuli\u00e8rement dans le besoin Ses sources de financement En tout temps, mais particuli\u00e8rement lors de campagnes de financement, la fondation recueille des dons aupr\u00e8s des personnes ayant fr\u00e9quent\u00e9 notre institution, aupr\u00e8s d\u2019entreprises, de groupes sociaux ou des individus de la r\u00e9gion soucieux de promouvoir l\u2019\u00e9ducation. On peut contribuer au financement en faisant un don, un legs ou en devenant membre de la fondation. L\u2019organisation de quelques activit\u00e9s populaires constitue \u00e9galement une source de financement. L\u2019achat symbolique d\u2019un si\u00e8ge \u00e0 l\u2019auditorium au co\u00fbt de 100 $ est un autre moyen de contribution. Vente virtuelle de si\u00e8ge \u00e0 l\u2019auditorium Une autre activit\u00e9 de financement consiste en la vente virtuelle de si\u00e8ges de l\u2019auditorium de la polyvalente. Une plaque sur chaque si\u00e8ge identifie l\u2019acheteur virtuel. Les si\u00e8ges sont vendus au co\u00fbt de 100$. Souscription : Il est \u00e9galement possible de souscrire \u00e0 la fondation sur une base annuelle ou \u00e0 vie: Souscription annuelle : 10 $ Souscription \u00e0 vie : 1 000 $ Contribution de la fondation Jusqu\u2019\u00e0 maintenant, la fondation a retourn\u00e9 \u00e0 l\u2019\u00e9cole 11 900$ en \u00e9quipements et am\u00e9nagements, 5 135$ en bourses diverses et 18 528$ en soutien aux voyages humanitaires pour un grand total de 35 563$ Pour plus d\u2019information ou pour encourager la Fondation polyvalente Saint-Fran\u00e7ois, vous pouvez nous rejoindre par t\u00e9l\u00e9phone, (418) 228-5541 au poste 5226 ou par courriel \u00e0 psf.pei@csbe.qc.ca<\/p>\n","protected":false},"author":6,"featured_media":0,"parent":0,"menu_order":0,"comment_status":"closed","ping_status":"closed","template":"","meta":{"footnotes":""},"class_list":["post-63","page","type-page","status-publish","hentry"],"_links":{"self":[{"href":"https:\/\/psf.cssbe.gouv.qc.ca\/index.php?rest_route=\/wp\/v2\/pages\/63","targetHints":{"allow":["GET"]}}],"collection":[{"href":"https:\/\/psf.cssbe.gouv.qc.ca\/index.php?rest_route=\/wp\/v2\/pages"}],"about":[{"href":"https:\/\/psf.cssbe.gouv.qc.ca\/index.php?rest_route=\/wp\/v2\/types\/page"}],"author":[{"embeddable":true,"href":"https:\/\/psf.cssbe.gouv.qc.ca\/index.php?rest_route=\/wp\/v2\/users\/6"}],"replies":[{"embeddable":true,"href":"https:\/\/psf.cssbe.gouv.qc.ca\/index.php?rest_route=%2Fwp%2Fv2%2Fcomments&post=63"}],"version-history":[{"count":14,"href":"https:\/\/psf.cssbe.gouv.qc.ca\/index.php?rest_route=\/wp\/v2\/pages\/63\/revisions"}],"predecessor-version":[{"id":5362,"href":"https:\/\/psf.cssbe.gouv.qc.ca\/index.php?rest_route=\/wp\/v2\/pages\/63\/revisions\/5362"}],"wp:attachment":[{"href":"https:\/\/psf.cssbe.gouv.qc.ca\/index.php?rest_route=%2Fwp%2Fv2%2Fmedia&parent=63"}],"curies":[{"name":"wp","href":"https:\/\/api.w.org\/{rel}","templated":true}]}}