{"id":5417,"date":"2022-11-07T22:54:23","date_gmt":"2022-11-08T03:54:23","guid":{"rendered":"https:\/\/psf.cssbe.gouv.qc.ca\/?page_id=5417"},"modified":"2025-09-30T17:46:54","modified_gmt":"2025-09-30T21:46:54","slug":"autres","status":"publish","type":"page","link":"https:\/\/psf.cssbe.gouv.qc.ca\/?page_id=5417","title":{"rendered":"Autres informations"},"content":{"rendered":"\n<p>Voici d&rsquo;autres informations pertinentes pour les parents:<\/p>\n<p><a href=\"https:\/\/psf.cssbe.gouv.qc.ca\/wp-content\/uploads\/2024\/08\/calendrier-scolaire_24-25.pdf\">Calendrier scolaire<\/a><\/p>\n<p><a href=\"https:\/\/psf.cssbe.gouv.qc.ca\/?page_id=679\">Informations sur la toxicomanie<\/a><\/p>\n<p><a href=\"https:\/\/psf.cssbe.gouv.qc.ca\/wp-content\/uploads\/2025\/08\/Normes-et-modalites-PSF_25-26_final.pdf\">Normes et modalit\u00e9s<\/a><\/p>\n<p><a href=\"https:\/\/psf.cssbe.gouv.qc.ca\/wp-content\/uploads\/2025\/08\/Plan_lutte_PSF_25-26.pdf\">Politique contre l&rsquo;intimidation<\/a><\/p>\n<p><a href=\"https:\/\/psf.cssbe.gouv.qc.ca\/wp-content\/uploads\/2025\/08\/Encadrements-budgetaires-PSF-2025-2026.pdf\">Politique des frais charg\u00e9s aux parents<\/a><\/p>\n<p><a href=\"https:\/\/psf.cssbe.gouv.qc.ca\/wp-content\/uploads\/2025\/08\/Rapport_annuel_CE_24-25_PSF.pdf\">Rapport annuel 2024-2025<\/a><\/p>\n\n\n\n<p>R\u00e9sum\u00e9s de programme\u00a0<\/p>\n\n\n\n<div class=\"wp-block-columns is-layout-flex wp-container-core-columns-is-layout-9d6595d7 wp-block-columns-is-layout-flex\">\n<div class=\"wp-block-column is-layout-flow wp-block-column-is-layout-flow\" style=\"flex-basis:100%\">\n<div class=\"wp-block-columns is-layout-flex wp-container-core-columns-is-layout-9d6595d7 wp-block-columns-is-layout-flex\">\n<div class=\"wp-block-column is-layout-flow wp-block-column-is-layout-flow\" style=\"flex-basis:100%\">\n<div class=\"wp-block-columns is-layout-flex wp-container-core-columns-is-layout-9d6595d7 wp-block-columns-is-layout-flex\">\n<div class=\"wp-block-column is-layout-flow wp-block-column-is-layout-flow\" style=\"flex-basis:100%\">\n<figure class=\"wp-block-table\"><table class=\"has-fixed-layout\"><tbody><tr><td class=\"has-text-align-center\" data-align=\"center\"><\/td><td class=\"has-text-align-center\" data-align=\"center\"><strong>R\u00e9gulier<\/strong><\/td><td class=\"has-text-align-center\" data-align=\"center\"><strong>PEI<\/strong><\/td><\/tr><tr><td class=\"has-text-align-center\" data-align=\"center\">secondaire 1<br><\/td><td class=\"has-text-align-center\" data-align=\"center\"><a href=\"https:\/\/psf.cssbe.gouv.qc.ca\/wp-content\/uploads\/2025\/09\/Educ-25-26-sec.-1-Regulier.docx\">\u00c9ducation physique<\/a><br><a href=\"https:\/\/psf.cssbe.gouv.qc.ca\/wp-content\/uploads\/2025\/09\/plan-de-cours-sec-1-Arts-25-26.docx\">Arts<\/a><br><a href=\"https:\/\/psf.cssbe.gouv.qc.ca\/wp-content\/uploads\/2025\/09\/musique_sec1_regulier-25-26.pdf\">Musique<\/a><br><a href=\"https:\/\/psf.cssbe.gouv.qc.ca\/wp-content\/uploads\/2025\/09\/Resume_du_programme_ccq_sec1_reg-25-26.docx\">CCQ<\/a><br><a href=\"https:\/\/psf.cssbe.gouv.qc.ca\/wp-content\/uploads\/2025\/09\/sciences_sec1_regulier-25-26.docx\">Sciences<\/a><br><a href=\"https:\/\/psf.cssbe.gouv.qc.ca\/wp-content\/uploads\/2025\/09\/histoire_sec1_regulier25-26.docx\">Histoire<\/a><br><a href=\"https:\/\/psf.cssbe.gouv.qc.ca\/wp-content\/uploads\/2025\/09\/geographie_sec1_regulier25-26.docx\">G\u00e9ographie<\/a><br><a href=\"https:\/\/psf.cssbe.gouv.qc.ca\/wp-content\/uploads\/2025\/09\/Plan-de-cours-25-26-Mathematiques-Regulier-Secondaire-1.docx\">Math\u00e9matiques<\/a><br><a href=\"https:\/\/psf.cssbe.gouv.qc.ca\/wp-content\/uploads\/2025\/09\/anglais_sec1_regulier_25-26.docx\">Anglais<\/a><br><a href=\"https:\/\/psf.cssbe.gouv.qc.ca\/wp-content\/uploads\/2025\/09\/francais-regulier-sec-1-25-26.docx\">Fran\u00e7ais<\/a><br><a href=\"https:\/\/psf.cssbe.gouv.qc.ca\/wp-content\/uploads\/2025\/09\/Sport-25-26-Sec.-1.docx\">Profil sport<\/a><br><a href=\"https:\/\/psf.cssbe.gouv.qc.ca\/wp-content\/uploads\/2025\/09\/Profil-artistique-PAR-134-01_25-26.docx\">Profil artistique<\/a><br><a href=\"https:\/\/psf.cssbe.gouv.qc.ca\/wp-content\/uploads\/2025\/09\/PNC_sec1_regulier-25-26.pdf\">Profil num\u00e9rique<\/a><\/td><td class=\"has-text-align-center\" data-align=\"center\"><a href=\"https:\/\/psf.cssbe.gouv.qc.ca\/wp-content\/uploads\/2025\/09\/Educ-25-26-sec.-1-PEI.docx\">\u00c9ducation physique<\/a><br><a href=\"https:\/\/psf.cssbe.gouv.qc.ca\/wp-content\/uploads\/2025\/09\/plan-de-cours-sec-1-Arts-25-26.docx\">Arts<\/a><br><a href=\"https:\/\/psf.cssbe.gouv.qc.ca\/wp-content\/uploads\/2025\/09\/Musique_sec1_PEI_25-26.docx\">Musique<\/a><br><a href=\"https:\/\/psf.cssbe.gouv.qc.ca\/wp-content\/uploads\/2025\/09\/Resume_du_programme_ccq_sec1_pei-25-26.docx\">CCQ<\/a><br>Sciences<br><a href=\"https:\/\/psf.cssbe.gouv.qc.ca\/wp-content\/uploads\/2025\/09\/histoire_sec1_pei25-26.docx\">Histoire<\/a><br><a href=\"https:\/\/psf.cssbe.gouv.qc.ca\/wp-content\/uploads\/2025\/09\/geographie_sec1_pei25-26.docx\">G\u00e9ographie<\/a><br><a href=\"https:\/\/psf.cssbe.gouv.qc.ca\/wp-content\/uploads\/2025\/09\/Resume-de-programme-Sec-1-math-PEI.docx\">Math\u00e9matiques<\/a><br><a href=\"https:\/\/psf.cssbe.gouv.qc.ca\/wp-content\/uploads\/2025\/09\/Resume_AnglaisPEI-sec-1.pdf\">Anglais<\/a><br><a href=\"https:\/\/psf.cssbe.gouv.qc.ca\/wp-content\/uploads\/2025\/09\/Resume_1re_sec_francais_PEI.docx\">Fran\u00e7ais<\/a><br><\/td><\/tr><tr><td class=\"has-text-align-center\" data-align=\"center\">secondaire 2<\/td><td class=\"has-text-align-center\" data-align=\"center\"><a href=\"https:\/\/psf.cssbe.gouv.qc.ca\/wp-content\/uploads\/2025\/09\/Educ_sec2_reg.docx\">\u00c9ducation physique<\/a><br><a href=\"https:\/\/psf.cssbe.gouv.qc.ca\/wp-content\/uploads\/2025\/09\/plan-de-cours-sec-2-Arts25-26.docx\">Arts<\/a><br><a href=\"https:\/\/psf.cssbe.gouv.qc.ca\/wp-content\/uploads\/2025\/09\/musique_sec2_regulier-25-26.pdf\">Musique<\/a><br><a href=\"https:\/\/psf.cssbe.gouv.qc.ca\/wp-content\/uploads\/2025\/09\/Resume-de-programme-sec-2-CCQ.docx\">CCQ<\/a><br><a href=\"https:\/\/psf.cssbe.gouv.qc.ca\/wp-content\/uploads\/2025\/09\/sciences_sec2_regulier-25-26.docx\">Sciences<\/a><br><a href=\"https:\/\/psf.cssbe.gouv.qc.ca\/wp-content\/uploads\/2025\/09\/Resume-programme-histoire-et-geo-sec.2-reg.-2025-26.docx\">Histoire\/G\u00e9ographie<\/a><br><a href=\"https:\/\/psf.cssbe.gouv.qc.ca\/wp-content\/uploads\/2025\/09\/Plan-de-cours-mathematique-2-regulier-25-26.docx\">Math\u00e9matiques<\/a><br><a href=\"https:\/\/psf.cssbe.gouv.qc.ca\/wp-content\/uploads\/2025\/09\/anglais_sec2_regulier-25-26.docx\">Anglais<\/a><br><a href=\"https:\/\/psf.cssbe.gouv.qc.ca\/wp-content\/uploads\/2025\/09\/francais_sec2_regulier-25-26.docx\">Fran\u00e7ais<\/a><br><a href=\"https:\/\/psf.cssbe.gouv.qc.ca\/wp-content\/uploads\/2025\/09\/Profil-sports-sec2.docx\">Profil sport<\/a><br><a href=\"https:\/\/psf.cssbe.gouv.qc.ca\/wp-content\/uploads\/2025\/09\/Profil-artistique-PAR-234-01_25-26.docx\">Profil artistique<\/a><br><a href=\"https:\/\/psf.cssbe.gouv.qc.ca\/wp-content\/uploads\/2025\/09\/PNC_Sec-2-3_Regulier_25-26.pdf\">Profil num\u00e9rique<\/a><\/td><td class=\"has-text-align-center\" data-align=\"center\"><a href=\"https:\/\/psf.cssbe.gouv.qc.ca\/wp-content\/uploads\/2025\/09\/Educ-25-26-PEI-2.docx\">\u00c9ducation physique<\/a><br><a href=\"https:\/\/psf.cssbe.gouv.qc.ca\/wp-content\/uploads\/2025\/09\/plan-de-cours-sec-2-Arts25-26.docx\">Arts<\/a><br><a href=\"https:\/\/psf.cssbe.gouv.qc.ca\/wp-content\/uploads\/2025\/09\/Musique_sec2_PEI_25-26.docx\">Musique<\/a><br><a href=\"https:\/\/psf.cssbe.gouv.qc.ca\/wp-content\/uploads\/2025\/09\/Resume-de-programme-sec-2-CCQ.docx\">CCQ<\/a><br><a href=\"https:\/\/psf.cssbe.gouv.qc.ca\/wp-content\/uploads\/2025\/09\/Plan-de-cours-Science-et-technologie-2e-sec-PEI-2025-2026.pdf\">Sciences<\/a><br><a href=\"https:\/\/psf.cssbe.gouv.qc.ca\/wp-content\/uploads\/2025\/09\/Resume-programme-histoire-et-geo-sec.2-PEI-2025-26.docx\">Histoire\/G\u00e9ographie<\/a><br><a href=\"https:\/\/psf.cssbe.gouv.qc.ca\/wp-content\/uploads\/2025\/09\/Plan-de-cours-mathematique-2-PEI-25-26.docx\">Math\u00e9matiques<\/a><br><a href=\"https:\/\/psf.cssbe.gouv.qc.ca\/wp-content\/uploads\/2025\/09\/plan-de-cours-PEI-Sec2-25-26-Dave.docx\">Anglais<\/a><br><a href=\"https:\/\/psf.cssbe.gouv.qc.ca\/wp-content\/uploads\/2025\/09\/francais_sec2_pei.pdf\">Fran\u00e7ais<\/a><br><a href=\"https:\/\/psf.cssbe.gouv.qc.ca\/wp-content\/uploads\/2025\/09\/Resume_Espagnol_sec2PEI.pdf\">Espagnol<\/a><\/td><\/tr><tr><td class=\"has-text-align-center\" data-align=\"center\">secondaire 3<\/td><td class=\"has-text-align-center\" data-align=\"center\"><a href=\"https:\/\/psf.cssbe.gouv.qc.ca\/wp-content\/uploads\/2025\/09\/Educ_-sec-3.docx\">\u00c9ducation physique<\/a><br><a href=\"https:\/\/psf.cssbe.gouv.qc.ca\/wp-content\/uploads\/2025\/09\/arts_sec3_Regulier.docx\">Arts<\/a><br><a href=\"https:\/\/psf.cssbe.gouv.qc.ca\/wp-content\/uploads\/2025\/09\/sciences_sec3_regulier-25-26.docx\">Sciences<\/a><br><a href=\"https:\/\/psf.cssbe.gouv.qc.ca\/wp-content\/uploads\/2025\/09\/Histoire_Sec3_Regulier_2025-2026.docx\">Histoire<\/a><br><a href=\"https:\/\/psf.cssbe.gouv.qc.ca\/wp-content\/uploads\/2025\/09\/Re\u0301sume\u0301-de-programme-MAT-063-306.pdf\">Math\u00e9matiques<\/a><br><a href=\"https:\/\/psf.cssbe.gouv.qc.ca\/wp-content\/uploads\/2025\/09\/Resume-de-plan-de-cours-Reg-Sec3-25-26-Dave.docx\">Anglais<\/a><br><a href=\"https:\/\/psf.cssbe.gouv.qc.ca\/wp-content\/uploads\/2025\/09\/Resume-programme-francais-sec-3-Sylvie-Fortier.docx\">Fran\u00e7ais<\/a><br><a href=\"https:\/\/psf.cssbe.gouv.qc.ca\/wp-content\/uploads\/2025\/09\/espagnol_sec3_profil_langues.docx\">Profil langues<\/a><br><a href=\"https:\/\/psf.cssbe.gouv.qc.ca\/wp-content\/uploads\/2025\/09\/Gabarit-Plan-de-cours-Profil-sports-3.docx\">Profil sports<\/a><\/td><td class=\"has-text-align-center\" data-align=\"center\"><a href=\"https:\/\/psf.cssbe.gouv.qc.ca\/wp-content\/uploads\/2025\/09\/Educ_sec3_PEI.docx\">\u00c9ducation physique<\/a><br><a href=\"https:\/\/psf.cssbe.gouv.qc.ca\/wp-content\/uploads\/2025\/09\/arts_sec3_PEI.docx\">Arts<\/a><br><a href=\"https:\/\/psf.cssbe.gouv.qc.ca\/wp-content\/uploads\/2025\/09\/Musique_sec3_PEI_25-26.docx\">Musique<\/a><br><a href=\"https:\/\/psf.cssbe.gouv.qc.ca\/wp-content\/uploads\/2025\/09\/science_sec3_PEI-25-26.pdf\">Sciences<\/a><br><a href=\"https:\/\/psf.cssbe.gouv.qc.ca\/wp-content\/uploads\/2025\/09\/Histoire_Sec3_PEI_2025-2026.docx\">Histoire<\/a><br><a href=\"https:\/\/psf.cssbe.gouv.qc.ca\/wp-content\/uploads\/2025\/09\/Re\u0301sume\u0301-de-programme-MAT-063-306.pdf\">Math\u00e9matiques<\/a><br><a href=\"https:\/\/psf.cssbe.gouv.qc.ca\/wp-content\/uploads\/2025\/09\/Anglais_sec-3_PEI_2025-26.docx\">Anglais<\/a><br><a href=\"https:\/\/psf.cssbe.gouv.qc.ca\/wp-content\/uploads\/2025\/09\/Resume_de_programme_francais_3_PEI.docx\">Fran\u00e7ais<\/a><br><a href=\"https:\/\/psf.cssbe.gouv.qc.ca\/wp-content\/uploads\/2025\/09\/espagnol_sec3_pei.docx\">Espagnol<\/a><\/td><\/tr><tr><td class=\"has-text-align-center\" data-align=\"center\">secondaire 4<\/td><td class=\"has-text-align-center\" data-align=\"center\"><a href=\"https:\/\/psf.cssbe.gouv.qc.ca\/wp-content\/uploads\/2025\/09\/Educ_-sec-4_Gbriel-1.docx\">\u00c9ducation physique<\/a><br><a href=\"https:\/\/psf.cssbe.gouv.qc.ca\/wp-content\/uploads\/2025\/09\/Arts_sec4_Regulier.docx\">Arts<\/a> M\u00e9lanie<br><a href=\"https:\/\/psf.cssbe.gouv.qc.ca\/wp-content\/uploads\/2025\/09\/plan-de-cours-sec-4-Arts25-26.docx\">Arts Genevi\u00e8ve<\/a><br><a href=\"https:\/\/psf.cssbe.gouv.qc.ca\/wp-content\/uploads\/2025\/09\/musique_sec4_regulier-25-26.pdf\">Musique<\/a><br><a href=\"https:\/\/psf.cssbe.gouv.qc.ca\/wp-content\/uploads\/2025\/09\/Resume-de-programme-sec-4-CCQ.docx\">CCQ<\/a><br><a href=\"https:\/\/psf.cssbe.gouv.qc.ca\/wp-content\/uploads\/2025\/09\/science_ST_STE_sec4_PEI_Regulier_25-26.docx\">Sciences STE<\/a><br><a href=\"https:\/\/psf.cssbe.gouv.qc.ca\/wp-content\/uploads\/2025\/09\/Science_ST_Sec-4_-Regulier_-25-26-1.pdf\">Science ST<\/a><br><a href=\"https:\/\/psf.cssbe.gouv.qc.ca\/wp-content\/uploads\/2025\/09\/Hist-4-Regul-plan-de-cours.docx\">Histoire<\/a><br><a href=\"https:\/\/psf.cssbe.gouv.qc.ca\/wp-content\/uploads\/2025\/09\/Resume_25-26_MathSN4_4e-secondaire.pdf\">Math\u00e9matiques SN<\/a><br><a href=\"https:\/\/psf.cssbe.gouv.qc.ca\/wp-content\/uploads\/2025\/09\/Math-CST-4-25-26-resume-de-programme.docx\">Math\u00e9matiques CST<\/a><br><a href=\"https:\/\/psf.cssbe.gouv.qc.ca\/wp-content\/uploads\/2025\/09\/anglais_sec4_regulier_et_PEI_25-26.docx\">Anglais<\/a><br><a href=\"https:\/\/psf.cssbe.gouv.qc.ca\/wp-content\/uploads\/2025\/09\/Francais_sec4_regulier-26-26.docx\">Fran\u00e7ais<\/a><br><a href=\"https:\/\/psf.cssbe.gouv.qc.ca\/wp-content\/uploads\/2025\/09\/Arts_sec4_option.docx\">Option arts<\/a><br><a href=\"https:\/\/psf.cssbe.gouv.qc.ca\/wp-content\/uploads\/2025\/09\/Option_Sport_sec-4.docx\">Option Sport<\/a><\/td><td class=\"has-text-align-center\" data-align=\"center\"><a href=\"https:\/\/psf.cssbe.gouv.qc.ca\/wp-content\/uploads\/2025\/09\/Educ-25-26-sec.-4-PEI.docx\">\u00c9ducation physique<\/a><br><a href=\"https:\/\/psf.cssbe.gouv.qc.ca\/wp-content\/uploads\/2025\/09\/Arts_sec4_PEI.docx\">Arts<\/a><br><a href=\"https:\/\/psf.cssbe.gouv.qc.ca\/wp-content\/uploads\/2025\/09\/Musique_sec4_PEI_25-26.docx\">Musique<\/a><br><a href=\"https:\/\/psf.cssbe.gouv.qc.ca\/wp-content\/uploads\/2025\/09\/Resume-de-programme-sec-4-CCQ.docx\">CCQ<\/a><br><a href=\"https:\/\/psf.cssbe.gouv.qc.ca\/wp-content\/uploads\/2025\/09\/science_ST_STE_sec4_PEI_Regulier_25-26.docx\">Sciences STE<\/a><br><a href=\"https:\/\/psf.cssbe.gouv.qc.ca\/wp-content\/uploads\/2025\/09\/hist_4_PEI-plan-de-cours.docx\">Histoire<\/a><br><a href=\"https:\/\/psf.cssbe.gouv.qc.ca\/wp-content\/uploads\/2025\/09\/Resume_25-26_MathSN4_4e-secondaire.pdf\">Math\u00e9matiques SN<\/a><br><a href=\"https:\/\/psf.cssbe.gouv.qc.ca\/wp-content\/uploads\/2025\/09\/Math-CST-4-25-26-resume-de-programme.docx\">Math\u00e9matiques CST<\/a><br><a href=\"https:\/\/psf.cssbe.gouv.qc.ca\/wp-content\/uploads\/2025\/09\/anglais_sec4_regulier_et_PEI_25-26.docx\">Anglais<\/a><br><a href=\"https:\/\/psf.cssbe.gouv.qc.ca\/wp-content\/uploads\/2025\/09\/Franc\u0327ais_sec4_pe\u0301i-25-26.docx\">Fran\u00e7ais<\/a><\/td><\/tr><tr><td class=\"has-text-align-center\" data-align=\"center\">secondaire 5<\/td><td class=\"has-text-align-center\" data-align=\"center\"><a href=\"https:\/\/psf.cssbe.gouv.qc.ca\/wp-content\/uploads\/2025\/09\/Resume-programme-sec-5.docx\">\u00c9ducation physique<\/a><br><a href=\"https:\/\/psf.cssbe.gouv.qc.ca\/wp-content\/uploads\/2025\/09\/Arts_sec5_Option.docx\"> Option arts<\/a><br><a href=\"https:\/\/psf.cssbe.gouv.qc.ca\/wp-content\/uploads\/2025\/09\/Musique_sec5_option_25-26.docx\">Option musique<\/a><br><a href=\"https:\/\/psf.cssbe.gouv.qc.ca\/wp-content\/uploads\/2025\/09\/Resume_du_programme_ccq_sec5_reg-25-26.docx\">CCQ<\/a><br><a href=\"https:\/\/psf.cssbe.gouv.qc.ca\/wp-content\/uploads\/2025\/09\/Plan-de-cours-Physique-5e-sec-PEI-et-REG-2025-2026.pdf\">Physique <\/a><br><a href=\"https:\/\/psf.cssbe.gouv.qc.ca\/wp-content\/uploads\/2025\/09\/Chimie_sec-5_-Regulier-et-PEI_25-26-1.pdf\">Chimie<\/a><br><a href=\"https:\/\/psf.cssbe.gouv.qc.ca\/wp-content\/uploads\/2025\/09\/Math-SN-5-25-26-resume-de-programme.docx\">Math\u00e9matiques SN<\/a><br><a href=\"https:\/\/psf.cssbe.gouv.qc.ca\/wp-content\/uploads\/2025\/09\/Math-CST-5-25-26-resume-de-programme.docx\">Math\u00e9matiques CST<\/a><br><a href=\"https:\/\/psf.cssbe.gouv.qc.ca\/wp-content\/uploads\/2025\/09\/Anglais-sec-5-PEI-et-Regulier.docx\">Anglais<\/a><br><a href=\"https:\/\/psf.cssbe.gouv.qc.ca\/wp-content\/uploads\/2025\/09\/Francais_sec5_regulier.docx\">Fran\u00e7ais<\/a><br><a href=\"https:\/\/psf.cssbe.gouv.qc.ca\/wp-content\/uploads\/2025\/09\/Option-sports-sec-5.docx\">Option sports<\/a><br><\/td><td class=\"has-text-align-center\" data-align=\"center\"><a href=\"https:\/\/psf.cssbe.gouv.qc.ca\/wp-content\/uploads\/2025\/09\/Educ-25-26-sec.-5-PEI.docx\">\u00c9ducation physique<\/a><br><a href=\"https:\/\/psf.cssbe.gouv.qc.ca\/wp-content\/uploads\/2025\/09\/Arts_sec5_Option.docx\">Option arts<\/a><br><a href=\"https:\/\/psf.cssbe.gouv.qc.ca\/wp-content\/uploads\/2025\/09\/Resume_du_programme_ccq_sec5_pei-25-26.docx\">CCQ<\/a><br><a href=\"https:\/\/psf.cssbe.gouv.qc.ca\/wp-content\/uploads\/2025\/09\/Monde-Contemporain_5e-sec.docx\">Monde contemporain<\/a><br><a href=\"https:\/\/psf.cssbe.gouv.qc.ca\/wp-content\/uploads\/2025\/09\/Finances_5e-sec.docx\">Finances<\/a><br><a href=\"https:\/\/psf.cssbe.gouv.qc.ca\/wp-content\/uploads\/2025\/09\/Plan-de-cours-Physique-5e-sec-PEI-et-REG-2025-2026.pdf\">Physique<\/a><br><a href=\"https:\/\/psf.cssbe.gouv.qc.ca\/wp-content\/uploads\/2025\/09\/Chimie_sec-5_-Regulier-et-PEI_25-26-1.pdf\">Chimie<\/a><br><a href=\"https:\/\/psf.cssbe.gouv.qc.ca\/wp-content\/uploads\/2025\/09\/Math-SN-5-25-26-resume-de-programme.docx\">Math\u00e9matiques SN<\/a><br><a href=\"https:\/\/psf.cssbe.gouv.qc.ca\/wp-content\/uploads\/2025\/09\/Math-CST-5-25-26-resume-de-programme.docx\">Math\u00e9matiques CST<\/a><br><a href=\"https:\/\/psf.cssbe.gouv.qc.ca\/wp-content\/uploads\/2025\/09\/Resume-de-programme-MTI_25-26.docx\">MTI<\/a><br><a href=\"https:\/\/psf.cssbe.gouv.qc.ca\/wp-content\/uploads\/2025\/09\/Anglais-sec-5-PEI-et-Regulier.docx\">Anglais<\/a><br><a href=\"https:\/\/psf.cssbe.gouv.qc.ca\/wp-content\/uploads\/2025\/09\/Francais_sec5_PEI.docx\">Fran\u00e7ais<\/a><br><a href=\"https:\/\/psf.cssbe.gouv.qc.ca\/wp-content\/uploads\/2025\/09\/Option-sports-sec-5.docx\">Option sports<\/a><br><a href=\"https:\/\/psf.cssbe.gouv.qc.ca\/wp-content\/uploads\/2025\/09\/espagnol_sec5_pei.docx\">Espagnol<\/a><br><\/td><\/tr><\/tbody><\/table><\/figure>\n<\/div>\n<\/div>\n<\/div>\n<\/div>\n<\/div>\n<\/div>\n","protected":false},"excerpt":{"rendered":"<p>Voici d&rsquo;autres informations pertinentes pour les parents: Calendrier scolaire Informations sur la toxicomanie Normes et modalit\u00e9s Politique contre l&rsquo;intimidation Politique des frais charg\u00e9s aux parents Rapport annuel 2024-2025 R\u00e9sum\u00e9s de programme\u00a0 R\u00e9gulier PEI secondaire 1 \u00c9ducation physiqueArtsMusiqueCCQSciencesHistoireG\u00e9ographieMath\u00e9matiquesAnglaisFran\u00e7aisProfil sportProfil artistiqueProfil num\u00e9rique \u00c9ducation physiqueArtsMusiqueCCQSciencesHistoireG\u00e9ographieMath\u00e9matiquesAnglaisFran\u00e7ais secondaire 2 \u00c9ducation physiqueArtsMusiqueCCQSciencesHistoire\/G\u00e9ographieMath\u00e9matiquesAnglaisFran\u00e7aisProfil sportProfil artistiqueProfil num\u00e9rique \u00c9ducation physiqueArtsMusiqueCCQSciencesHistoire\/G\u00e9ographieMath\u00e9matiquesAnglaisFran\u00e7aisEspagnol secondaire 3 \u00c9ducation physiqueArtsSciencesHistoireMath\u00e9matiquesAnglaisFran\u00e7aisProfil languesProfil sports \u00c9ducation physiqueArtsMusiqueSciencesHistoireMath\u00e9matiquesAnglaisFran\u00e7aisEspagnol secondaire 4 \u00c9ducation physiqueArts M\u00e9lanieArts Genevi\u00e8veMusiqueCCQSciences STEScience STHistoireMath\u00e9matiques SNMath\u00e9matiques CSTAnglaisFran\u00e7aisOption artsOption Sport \u00c9ducation physiqueArtsMusiqueCCQSciences STEHistoireMath\u00e9matiques SNMath\u00e9matiques CSTAnglaisFran\u00e7ais secondaire 5 \u00c9ducation physique Option artsOption musiqueCCQPhysique ChimieMath\u00e9matiques SNMath\u00e9matiques CSTAnglaisFran\u00e7aisOption sports \u00c9ducation physiqueOption artsCCQMonde contemporainFinancesPhysiqueChimieMath\u00e9matiques SNMath\u00e9matiques CSTMTIAnglaisFran\u00e7aisOption sportsEspagnol<\/p>\n","protected":false},"author":12,"featured_media":0,"parent":0,"menu_order":0,"comment_status":"closed","ping_status":"closed","template":"","meta":{"footnotes":""},"class_list":["post-5417","page","type-page","status-publish","hentry"],"_links":{"self":[{"href":"https:\/\/psf.cssbe.gouv.qc.ca\/index.php?rest_route=\/wp\/v2\/pages\/5417","targetHints":{"allow":["GET"]}}],"collection":[{"href":"https:\/\/psf.cssbe.gouv.qc.ca\/index.php?rest_route=\/wp\/v2\/pages"}],"about":[{"href":"https:\/\/psf.cssbe.gouv.qc.ca\/index.php?rest_route=\/wp\/v2\/types\/page"}],"author":[{"embeddable":true,"href":"https:\/\/psf.cssbe.gouv.qc.ca\/index.php?rest_route=\/wp\/v2\/users\/12"}],"replies":[{"embeddable":true,"href":"https:\/\/psf.cssbe.gouv.qc.ca\/index.php?rest_route=%2Fwp%2Fv2%2Fcomments&post=5417"}],"version-history":[{"count":292,"href":"https:\/\/psf.cssbe.gouv.qc.ca\/index.php?rest_route=\/wp\/v2\/pages\/5417\/revisions"}],"predecessor-version":[{"id":6403,"href":"https:\/\/psf.cssbe.gouv.qc.ca\/index.php?rest_route=\/wp\/v2\/pages\/5417\/revisions\/6403"}],"wp:attachment":[{"href":"https:\/\/psf.cssbe.gouv.qc.ca\/index.php?rest_route=%2Fwp%2Fv2%2Fmedia&parent=5417"}],"curies":[{"name":"wp","href":"https:\/\/api.w.org\/{rel}","templated":true}]}}