{"id":5063,"date":"2021-06-28T14:20:10","date_gmt":"2021-06-28T18:20:10","guid":{"rendered":"https:\/\/psf.cssbe.gouv.qc.ca\/?page_id=5063"},"modified":"2025-08-07T10:59:30","modified_gmt":"2025-08-07T14:59:30","slug":"horaire-des-cours-2021-2022","status":"publish","type":"page","link":"https:\/\/psf.cssbe.gouv.qc.ca\/?page_id=5063","title":{"rendered":"Horaire des cours 2025 &#8211; 2026"},"content":{"rendered":"\n<p>\u00a0<\/p>\n<p>1re p\u00e9riode : 8 h 50 \u00e0 10 h 05<\/p>\n<p>Pause : 10 h 05 \u00e0 10 h 20<\/p>\n<p>2e p\u00e9riode : 10 h 20 \u00e0 11 h 35<\/p>\n<p>D\u00eener : 11 h 35 \u00e0 12 h 50<\/p>\n<p>3e p\u00e9riode : 12 h 50 \u00e0 14 h 05<\/p>\n<p>Pause : 14 h 05 \u00e0 14 h 20<\/p>\n<p>4e p\u00e9riode : 14 h 20 \u00e0 15 h 35<\/p>\n<p>\u00a0<\/p>\n","protected":false},"excerpt":{"rendered":"<p>\u00a0 1re p\u00e9riode : 8 h 50 \u00e0 10 h 05 Pause : 10 h 05 \u00e0 10 h 20 2e p\u00e9riode : 10 h 20 \u00e0 11 h 35 D\u00eener : 11 h 35 \u00e0 12 h 50 3e p\u00e9riode : 12 h 50 \u00e0 14 h 05 Pause : 14 h 05 \u00e0 14 h 20 4e p\u00e9riode : 14 h 20 \u00e0 15 h 35 \u00a0<\/p>\n","protected":false},"author":12,"featured_media":0,"parent":0,"menu_order":0,"comment_status":"closed","ping_status":"closed","template":"","meta":{"footnotes":""},"class_list":["post-5063","page","type-page","status-publish","hentry"],"_links":{"self":[{"href":"https:\/\/psf.cssbe.gouv.qc.ca\/index.php?rest_route=\/wp\/v2\/pages\/5063","targetHints":{"allow":["GET"]}}],"collection":[{"href":"https:\/\/psf.cssbe.gouv.qc.ca\/index.php?rest_route=\/wp\/v2\/pages"}],"about":[{"href":"https:\/\/psf.cssbe.gouv.qc.ca\/index.php?rest_route=\/wp\/v2\/types\/page"}],"author":[{"embeddable":true,"href":"https:\/\/psf.cssbe.gouv.qc.ca\/index.php?rest_route=\/wp\/v2\/users\/12"}],"replies":[{"embeddable":true,"href":"https:\/\/psf.cssbe.gouv.qc.ca\/index.php?rest_route=%2Fwp%2Fv2%2Fcomments&post=5063"}],"version-history":[{"count":6,"href":"https:\/\/psf.cssbe.gouv.qc.ca\/index.php?rest_route=\/wp\/v2\/pages\/5063\/revisions"}],"predecessor-version":[{"id":6159,"href":"https:\/\/psf.cssbe.gouv.qc.ca\/index.php?rest_route=\/wp\/v2\/pages\/5063\/revisions\/6159"}],"wp:attachment":[{"href":"https:\/\/psf.cssbe.gouv.qc.ca\/index.php?rest_route=%2Fwp%2Fv2%2Fmedia&parent=5063"}],"curies":[{"name":"wp","href":"https:\/\/api.w.org\/{rel}","templated":true}]}}