{"id":464,"date":"2014-02-28T14:49:11","date_gmt":"2014-02-28T19:49:11","guid":{"rendered":"http:\/\/psftest.csbe.qc.ca\/?page_id=464"},"modified":"2025-08-07T10:41:26","modified_gmt":"2025-08-07T14:41:26","slug":"lecole","status":"publish","type":"page","link":"https:\/\/psf.cssbe.gouv.qc.ca\/?page_id=464","title":{"rendered":"L&rsquo;\u00e9cole"},"content":{"rendered":"<p><span style=\"font-size: large;\">Voici le menu des informations utiles sur l&rsquo;\u00e9cole en g\u00e9n\u00e9ral:<\/span><\/p>\n<p style=\"padding-left: 30px;\"><span style=\"text-decoration: underline;\"><a href=\"https:\/\/psf.cssbe.gouv.qc.ca\/?page_id=407 \"><span style=\"font-size: medium;\">Historique<\/span><\/a><\/span><\/p>\n<p style=\"padding-left: 30px;\"><a href=\"https:\/\/psf.cssbe.gouv.qc.ca\/?page_id=63\"><span style=\"font-size: medium;\"><span style=\"text-decoration: underline;\">La fondation de la PSF<\/span><\/span><\/a><\/p>\n<p style=\"padding-left: 30px;\"><a href=\" https:\/\/psf.cssbe.gouv.qc.ca\/?page_id=52\"><span style=\"text-decoration: underline;\"><span style=\"font-size: medium;\">Le conseil d&rsquo;\u00e9tablissement<\/span><\/span><\/a><\/p>\n<p style=\"padding-left: 30px;\"><a href=\"https:\/\/psf.cssbe.gouv.qc.ca\/?page_id=421 \"><span style=\"text-decoration: underline;\"><span style=\"font-size: medium;\">Projet \u00e9ducatif<\/span><\/span><\/a><\/p>\n<p style=\"padding-left: 30px;\"><a href=\"https:\/\/psf.cssbe.gouv.qc.ca\/wp-content\/uploads\/2025\/08\/Programme-detablissement_PSF_2025-2026.pdf\"><span style=\"text-decoration: underline;\"><span style=\"font-size: medium;\">Programme d&rsquo;\u00e9tablissement<\/span><\/span><\/a><\/p>\n<p style=\"padding-left: 30px;\"><a href=\" https:\/\/psf.cssbe.gouv.qc.ca\/?page_id=419 \"><span style=\"text-decoration: underline;\"><span style=\"font-size: medium;\">Services professionnels<\/span><\/span><\/a><\/p>\n<p style=\"padding-left: 60px;\">\n","protected":false},"excerpt":{"rendered":"<p>Voici le menu des informations utiles sur l&rsquo;\u00e9cole en g\u00e9n\u00e9ral: Historique La fondation de la PSF Le conseil d&rsquo;\u00e9tablissement Projet \u00e9ducatif Programme d&rsquo;\u00e9tablissement Services professionnels<\/p>\n","protected":false},"author":6,"featured_media":0,"parent":0,"menu_order":0,"comment_status":"closed","ping_status":"closed","template":"","meta":{"footnotes":""},"class_list":["post-464","page","type-page","status-publish","hentry"],"_links":{"self":[{"href":"https:\/\/psf.cssbe.gouv.qc.ca\/index.php?rest_route=\/wp\/v2\/pages\/464","targetHints":{"allow":["GET"]}}],"collection":[{"href":"https:\/\/psf.cssbe.gouv.qc.ca\/index.php?rest_route=\/wp\/v2\/pages"}],"about":[{"href":"https:\/\/psf.cssbe.gouv.qc.ca\/index.php?rest_route=\/wp\/v2\/types\/page"}],"author":[{"embeddable":true,"href":"https:\/\/psf.cssbe.gouv.qc.ca\/index.php?rest_route=\/wp\/v2\/users\/6"}],"replies":[{"embeddable":true,"href":"https:\/\/psf.cssbe.gouv.qc.ca\/index.php?rest_route=%2Fwp%2Fv2%2Fcomments&post=464"}],"version-history":[{"count":15,"href":"https:\/\/psf.cssbe.gouv.qc.ca\/index.php?rest_route=\/wp\/v2\/pages\/464\/revisions"}],"predecessor-version":[{"id":6143,"href":"https:\/\/psf.cssbe.gouv.qc.ca\/index.php?rest_route=\/wp\/v2\/pages\/464\/revisions\/6143"}],"wp:attachment":[{"href":"https:\/\/psf.cssbe.gouv.qc.ca\/index.php?rest_route=%2Fwp%2Fv2%2Fmedia&parent=464"}],"curies":[{"name":"wp","href":"https:\/\/api.w.org\/{rel}","templated":true}]}}