{"id":461,"date":"2014-02-28T14:47:16","date_gmt":"2014-02-28T19:47:16","guid":{"rendered":"http:\/\/psftest.csbe.qc.ca\/?page_id=461"},"modified":"2022-11-22T06:43:58","modified_gmt":"2022-11-22T11:43:58","slug":"zone-eleves","status":"publish","type":"page","link":"https:\/\/psf.cssbe.gouv.qc.ca\/?page_id=461","title":{"rendered":"Autres informations"},"content":{"rendered":"<p><span style=\"font-size: large;\">Voici le menu des informations particuli\u00e8rement utiles aux \u00e9l\u00e8ves:<\/span><\/p>\n<h4><a href=\" https:\/\/psf.cssbe.gouv.qc.ca\/?page_id=396\">Activit\u00e9s,<\/a><a href=\" https:\/\/psf.cssbe.gouv.qc.ca\/?page_id=396\"> voyage<\/a><a href=\" https:\/\/psf.cssbe.gouv.qc.ca\/?page_id=396\">s<\/a><a href=\" https:\/\/psf.cssbe.gouv.qc.ca\/?page_id=396\"> et loisirs<\/a><\/h4>\n<h4><a href=\"https:\/\/psf.cssbe.gouv.qc.ca\/?page_id=402\">Biblioth\u00e8que<\/a><\/h4>\n<h4><a href=\"http:\/\/www.education.gouv.qc.ca\/eleves\/bulletin-releve-diplome\/releve-des-apprentissages\/\">Conditions obtention<\/a><a href=\"http:\/\/www.education.gouv.qc.ca\/eleves\/bulletin-releve-diplome\/releve-des-apprentissages\/\"> DES<\/a><\/h4>\n<h4><a href=\"https:\/\/psf.cssbe.gouv.qc.ca\/?page_id=433\">Intimidation<\/a><\/h4>\n<h4><a href=\" https:\/\/psf.cssbe.gouv.qc.ca\/?page_id=118\">Les Faucons<\/a><\/h4>\n<h4><a href=\"https:\/\/psf.cssbe.gouv.qc.ca\/?page_id=441\">Toxicomanie<\/a><\/h4>\n<p style=\"padding-left: 30px;\">\n","protected":false},"excerpt":{"rendered":"<p>Voici le menu des informations particuli\u00e8rement utiles aux \u00e9l\u00e8ves: Activit\u00e9s, voyages et loisirs Biblioth\u00e8que Conditions obtention DES Intimidation Les Faucons Toxicomanie<\/p>\n","protected":false},"author":6,"featured_media":0,"parent":0,"menu_order":0,"comment_status":"closed","ping_status":"closed","template":"","meta":{"footnotes":""},"class_list":["post-461","page","type-page","status-publish","hentry"],"_links":{"self":[{"href":"https:\/\/psf.cssbe.gouv.qc.ca\/index.php?rest_route=\/wp\/v2\/pages\/461","targetHints":{"allow":["GET"]}}],"collection":[{"href":"https:\/\/psf.cssbe.gouv.qc.ca\/index.php?rest_route=\/wp\/v2\/pages"}],"about":[{"href":"https:\/\/psf.cssbe.gouv.qc.ca\/index.php?rest_route=\/wp\/v2\/types\/page"}],"author":[{"embeddable":true,"href":"https:\/\/psf.cssbe.gouv.qc.ca\/index.php?rest_route=\/wp\/v2\/users\/6"}],"replies":[{"embeddable":true,"href":"https:\/\/psf.cssbe.gouv.qc.ca\/index.php?rest_route=%2Fwp%2Fv2%2Fcomments&post=461"}],"version-history":[{"count":12,"href":"https:\/\/psf.cssbe.gouv.qc.ca\/index.php?rest_route=\/wp\/v2\/pages\/461\/revisions"}],"predecessor-version":[{"id":5478,"href":"https:\/\/psf.cssbe.gouv.qc.ca\/index.php?rest_route=\/wp\/v2\/pages\/461\/revisions\/5478"}],"wp:attachment":[{"href":"https:\/\/psf.cssbe.gouv.qc.ca\/index.php?rest_route=%2Fwp%2Fv2%2Fmedia&parent=461"}],"curies":[{"name":"wp","href":"https:\/\/api.w.org\/{rel}","templated":true}]}}