{"id":455,"date":"2014-02-28T14:40:35","date_gmt":"2014-02-28T19:40:35","guid":{"rendered":"http:\/\/psftest.csbe.qc.ca\/?page_id=455"},"modified":"2021-03-26T14:27:43","modified_gmt":"2021-03-26T18:27:43","slug":"nos-equipes","status":"publish","type":"page","link":"https:\/\/psf.cssbe.gouv.qc.ca\/?page_id=455","title":{"rendered":"Nos \u00e9quipes"},"content":{"rendered":"<p>Liste de joueurs de football juv\u00e9nile\u00a0 2017<\/p>\n<ol>\n<li style=\"text-align: left;\">Jimmy Parent<\/li>\n<li style=\"text-align: left;\">Thomas Fortin<\/li>\n<li style=\"text-align: left;\">Jean &#8211; Fr\u00e9d\u00e9ric\u00a0\u00a0 Poulin<\/li>\n<li style=\"text-align: left;\">Charles-Antoine Rodrigue<\/li>\n<li style=\"text-align: left;\">Jacob Nadeau<\/li>\n<li style=\"text-align: left;\">\u00c9mile Bolduc<\/li>\n<li style=\"text-align: left;\">Pier-Isra\u00ebl Lapointe<\/li>\n<li style=\"text-align: left;\">Pier \u2013Antoine Dallaire<\/li>\n<li style=\"text-align: left;\">Gilbert Rodrigue<\/li>\n<li style=\"text-align: left;\">Justin Gupta<\/li>\n<li style=\"text-align: left;\">Pradel Cav\u00e9<\/li>\n<li style=\"text-align: left;\">Eliott Paquet<\/li>\n<li style=\"text-align: left;\">Samuel Poulin<\/li>\n<li style=\"text-align: left;\">Zakary M\u00e9tivier<\/li>\n<li style=\"text-align: left;\">Alexandre Picard<\/li>\n<li style=\"text-align: left;\">William Par\u00e9<\/li>\n<li style=\"text-align: left;\">Jean-Rapha\u00ebl Rosa<\/li>\n<li style=\"text-align: left;\">David \u00a0Longchamps<\/li>\n<li style=\"text-align: left;\">Mathis Bernard<\/li>\n<li style=\"text-align: left;\">Benjamin Caron<\/li>\n<li style=\"text-align: left;\">Gabriel Bernard<\/li>\n<li style=\"text-align: left;\">Andy Jacques<\/li>\n<li style=\"text-align: left;\">Charles-Olivier Bolduc<\/li>\n<li style=\"text-align: left;\">Matthew Dobson<\/li>\n<li style=\"text-align: left;\">Charles- Antoine Bolduc<\/li>\n<li style=\"text-align: left;\">Olivier Poulin<\/li>\n<li style=\"text-align: left;\">William Dobson<\/li>\n<li style=\"text-align: left;\">Joseph Sauv\u00e9<\/li>\n<li style=\"text-align: left;\">Gabriel\u00a0\u00a0 Veilleux<\/li>\n<li style=\"text-align: left;\">Antoine Jolicoeur<\/li>\n<li style=\"text-align: left;\">Olivier Duval<\/li>\n<li style=\"text-align: left;\">Oph\u00e9lie Roy<\/li>\n<li style=\"text-align: left;\">Xavier Mathieu<\/li>\n<\/ol>\n<p style=\"text-align: center;\"><strong><a href=\"https:\/\/psf.cssbe.gouv.qc.ca\/wp-content\/uploads\/2014\/02\/EquipeCheer.png\"><img loading=\"lazy\" decoding=\"async\" class=\"aligncenter size-full wp-image-285\" src=\"https:\/\/psf.cssbe.gouv.qc.ca\/wp-content\/uploads\/2014\/02\/EquipeCheer.png\" alt=\"EquipeCheer\" width=\"475\" height=\"386\" srcset=\"https:\/\/psf.cssbe.gouv.qc.ca\/wp-content\/uploads\/2014\/02\/EquipeCheer.png 475w, https:\/\/psf.cssbe.gouv.qc.ca\/wp-content\/uploads\/2014\/02\/EquipeCheer-300x243.png 300w\" sizes=\"auto, (max-width: 475px) 100vw, 475px\" \/><\/a>Cheerleading 2013-2014<\/strong><br \/>\nPremi\u00e8re rang\u00e9e : Ariane Fortin, Jo\u00eblle M\u00e9tivier, Kayla Poulin, Am\u00e9lie Sweeney, Tanya Turcotte, M\u00e9gane Couture.<br \/>\nDeuxi\u00e8me rang\u00e9e : \u00c8ve-Marie Brochu, L\u00e9ticia Larochelle, Pam\u00e9la Rodrigue, Rosemarie Gigu\u00e8re, Ariane Asselin, F\u00e9licia St-Laurent.<br \/>\nTroisi\u00e8me rang\u00e9e : Sara-Maude Groleau G\u00e9n\u00e9reux (entra\u00eeneur), Sarah Quirion, \u00c9lisabeth Hamel, Maria Loubier, Julie-Pier Vachon, Roxanne Rodrigue, Isabelle B\u00e9gin, M\u00e9lissa Doyon, V\u00e9ronique Morin (entra\u00eeneur).<\/p>\n<p>&nbsp;<\/p>\n<p><a href=\"https:\/\/psf.cssbe.gouv.qc.ca\/wp-content\/uploads\/2014\/02\/EquipeSoccer.png\"><img loading=\"lazy\" decoding=\"async\" class=\"aligncenter size-full wp-image-286\" src=\"https:\/\/psf.cssbe.gouv.qc.ca\/wp-content\/uploads\/2014\/02\/EquipeSoccer.png\" alt=\"EquipeSoccer\" width=\"543\" height=\"386\" srcset=\"https:\/\/psf.cssbe.gouv.qc.ca\/wp-content\/uploads\/2014\/02\/EquipeSoccer.png 543w, https:\/\/psf.cssbe.gouv.qc.ca\/wp-content\/uploads\/2014\/02\/EquipeSoccer-300x213.png 300w\" sizes=\"auto, (max-width: 543px) 100vw, 543px\" \/><\/a><\/p>\n<p style=\"text-align: center;\"><strong>Soccer Benjamins f\u00e9minin<\/strong><br \/>\nPremi\u00e8re rang\u00e9e : Klara Gosselin, Alyssia Mino-Roy, Kellyane Poulin, Ann-Liz M\u00e9tivier, Meghan Poulin, Coralie Morin, Simone Lemieux-Bourque.<br \/>\nDeuxi\u00e8me rang\u00e9e : Rose Bilodeau, Melissa Doyon, Katherine Veilleux, \u00c9lodie Labb\u00e9, Laurie Lapointe, Rose-Marie Fortin, Mireille Flamand, Rosalie Lachance, Xavier Bouhy (entra\u00eeneur)<\/p>\n<p>&nbsp;<\/p>\n<p><a href=\"https:\/\/psf.cssbe.gouv.qc.ca\/wp-content\/uploads\/2014\/02\/EquipeBasket.png\"><img loading=\"lazy\" decoding=\"async\" class=\"aligncenter size-full wp-image-284\" src=\"https:\/\/psf.cssbe.gouv.qc.ca\/wp-content\/uploads\/2014\/02\/EquipeBasket.png\" alt=\"EquipeBasket\" width=\"476\" height=\"386\" srcset=\"https:\/\/psf.cssbe.gouv.qc.ca\/wp-content\/uploads\/2014\/02\/EquipeBasket.png 476w, https:\/\/psf.cssbe.gouv.qc.ca\/wp-content\/uploads\/2014\/02\/EquipeBasket-300x243.png 300w\" sizes=\"auto, (max-width: 476px) 100vw, 476px\" \/><\/a><\/p>\n<p style=\"text-align: center;\">\u00a0Basketball Benjamins f\u00e9minin<br \/>\nPremi\u00e8re rang\u00e9e: Rose Bilodeau, F\u00e9licia St-Laurent, Klara Gosselin, Ann-Liz M\u00e9tivier.<br \/>\nDeuxi\u00e8me rang\u00e9e:\u00a0 Brithany Poulin, \u00c9lodie Labb\u00e9, Rose-Marie Fortin, Rosalie Allen, Sabrina Pomerleau (entra\u00eeneur)<\/p>\n<p>&nbsp;<\/p>\n","protected":false},"excerpt":{"rendered":"<p>Liste de joueurs de football juv\u00e9nile\u00a0 2017 Jimmy Parent Thomas Fortin Jean &#8211; Fr\u00e9d\u00e9ric\u00a0\u00a0 Poulin Charles-Antoine Rodrigue Jacob Nadeau \u00c9mile Bolduc Pier-Isra\u00ebl Lapointe Pier \u2013Antoine Dallaire Gilbert Rodrigue Justin Gupta Pradel Cav\u00e9 Eliott Paquet Samuel Poulin Zakary M\u00e9tivier Alexandre Picard William Par\u00e9 Jean-Rapha\u00ebl Rosa David \u00a0Longchamps Mathis Bernard Benjamin Caron Gabriel Bernard Andy Jacques Charles-Olivier Bolduc Matthew Dobson Charles- Antoine Bolduc Olivier Poulin William Dobson Joseph Sauv\u00e9 Gabriel\u00a0\u00a0 Veilleux Antoine Jolicoeur Olivier Duval Oph\u00e9lie Roy Xavier Mathieu Cheerleading 2013-2014 Premi\u00e8re rang\u00e9e : Ariane Fortin, Jo\u00eblle M\u00e9tivier, Kayla Poulin, Am\u00e9lie Sweeney, Tanya Turcotte, M\u00e9gane Couture. Deuxi\u00e8me rang\u00e9e : \u00c8ve-Marie Brochu, L\u00e9ticia Larochelle, Pam\u00e9la Rodrigue, Rosemarie Gigu\u00e8re, Ariane Asselin, F\u00e9licia St-Laurent. Troisi\u00e8me rang\u00e9e : Sara-Maude Groleau G\u00e9n\u00e9reux (entra\u00eeneur), Sarah Quirion, \u00c9lisabeth Hamel, Maria Loubier, Julie-Pier Vachon, Roxanne Rodrigue, Isabelle B\u00e9gin, M\u00e9lissa Doyon, V\u00e9ronique Morin (entra\u00eeneur). &nbsp; Soccer Benjamins f\u00e9minin Premi\u00e8re rang\u00e9e : Klara Gosselin, Alyssia Mino-Roy, Kellyane Poulin, Ann-Liz M\u00e9tivier, Meghan Poulin, Coralie Morin, Simone Lemieux-Bourque. Deuxi\u00e8me rang\u00e9e : Rose Bilodeau, Melissa Doyon, Katherine Veilleux, \u00c9lodie Labb\u00e9, Laurie Lapointe, Rose-Marie Fortin, Mireille Flamand, Rosalie Lachance, Xavier Bouhy (entra\u00eeneur) &nbsp; \u00a0Basketball Benjamins f\u00e9minin Premi\u00e8re rang\u00e9e: Rose Bilodeau, F\u00e9licia St-Laurent, Klara Gosselin, Ann-Liz M\u00e9tivier. Deuxi\u00e8me rang\u00e9e:\u00a0 Brithany Poulin, \u00c9lodie Labb\u00e9, Rose-Marie Fortin, Rosalie Allen, Sabrina Pomerleau (entra\u00eeneur) &nbsp;<\/p>\n","protected":false},"author":6,"featured_media":0,"parent":0,"menu_order":0,"comment_status":"closed","ping_status":"closed","template":"","meta":{"footnotes":""},"class_list":["post-455","page","type-page","status-publish","hentry"],"_links":{"self":[{"href":"https:\/\/psf.cssbe.gouv.qc.ca\/index.php?rest_route=\/wp\/v2\/pages\/455","targetHints":{"allow":["GET"]}}],"collection":[{"href":"https:\/\/psf.cssbe.gouv.qc.ca\/index.php?rest_route=\/wp\/v2\/pages"}],"about":[{"href":"https:\/\/psf.cssbe.gouv.qc.ca\/index.php?rest_route=\/wp\/v2\/types\/page"}],"author":[{"embeddable":true,"href":"https:\/\/psf.cssbe.gouv.qc.ca\/index.php?rest_route=\/wp\/v2\/users\/6"}],"replies":[{"embeddable":true,"href":"https:\/\/psf.cssbe.gouv.qc.ca\/index.php?rest_route=%2Fwp%2Fv2%2Fcomments&post=455"}],"version-history":[{"count":7,"href":"https:\/\/psf.cssbe.gouv.qc.ca\/index.php?rest_route=\/wp\/v2\/pages\/455\/revisions"}],"predecessor-version":[{"id":3421,"href":"https:\/\/psf.cssbe.gouv.qc.ca\/index.php?rest_route=\/wp\/v2\/pages\/455\/revisions\/3421"}],"wp:attachment":[{"href":"https:\/\/psf.cssbe.gouv.qc.ca\/index.php?rest_route=%2Fwp%2Fv2%2Fmedia&parent=455"}],"curies":[{"name":"wp","href":"https:\/\/api.w.org\/{rel}","templated":true}]}}