{"id":433,"date":"2014-02-28T14:30:16","date_gmt":"2014-02-28T19:30:16","guid":{"rendered":"http:\/\/psftest.csbe.qc.ca\/?page_id=433"},"modified":"2022-11-06T21:30:23","modified_gmt":"2022-11-07T02:30:23","slug":"intimidation","status":"publish","type":"page","link":"https:\/\/psf.cssbe.gouv.qc.ca\/?page_id=433","title":{"rendered":"Intimidation"},"content":{"rendered":"<p>Tous les membres de notre \u00e9tablissement scolaire, personnels et \u00e9l\u00e8ves ont les m\u00eames droits, dont celui d\u2019\u00e9voluer en s\u00e9curit\u00e9 et d\u2019\u00eatre accept\u00e9s dans son milieu d\u2019appartenance. Promouvoir de saines relations et \u00e9liminer la violence est l\u2019affaire de tous et de toutes.<\/p>\n<p>\u00c0 notre \u00e9cole :<\/p>\n<ul>\n<li>La violence et l\u2019intimidation de tout genre sont inacceptables.<\/li>\n<li>Chacun \u00e0 le droit d\u2019\u00eatre prot\u00e9g\u00e9 et a le droit de prot\u00e9ger les autres tel que stipul\u00e9 dans la charte des droits et libert\u00e9 qu\u00e9b\u00e9coise.<\/li>\n<\/ul>\n<p>D\u00e9non\u00e7ons l&rsquo;intimidation!<\/p>\n<p>Tu es t\u00e9moin ou victime d&rsquo;intimidation! Alors voici pour toi <a href=\"https:\/\/intimidation.csbe.qc.ca\/018\">un formulaire<\/a> qui te permettra de d\u00e9noncer d&rsquo;une fa\u00e7on anonyme ou non les \u00e9v\u00e8nements qui t&rsquo;affectent ou pour lesquels tu as \u00e9t\u00e9 t\u00e9moin.<\/p>\n","protected":false},"excerpt":{"rendered":"<p>Tous les membres de notre \u00e9tablissement scolaire, personnels et \u00e9l\u00e8ves ont les m\u00eames droits, dont celui d\u2019\u00e9voluer en s\u00e9curit\u00e9 et d\u2019\u00eatre accept\u00e9s dans son milieu d\u2019appartenance. Promouvoir de saines relations et \u00e9liminer la violence est l\u2019affaire de tous et de toutes. \u00c0 notre \u00e9cole : La violence et l\u2019intimidation de tout genre sont inacceptables. Chacun \u00e0 le droit d\u2019\u00eatre prot\u00e9g\u00e9 et a le droit de prot\u00e9ger les autres tel que stipul\u00e9 dans la charte des droits et libert\u00e9 qu\u00e9b\u00e9coise. D\u00e9non\u00e7ons l&rsquo;intimidation! Tu es t\u00e9moin ou victime d&rsquo;intimidation! Alors voici pour toi un formulaire qui te permettra de d\u00e9noncer d&rsquo;une fa\u00e7on anonyme ou non les \u00e9v\u00e8nements qui t&rsquo;affectent ou pour lesquels tu as \u00e9t\u00e9 t\u00e9moin.<\/p>\n","protected":false},"author":6,"featured_media":0,"parent":0,"menu_order":0,"comment_status":"closed","ping_status":"closed","template":"","meta":{"footnotes":""},"class_list":["post-433","page","type-page","status-publish","hentry"],"_links":{"self":[{"href":"https:\/\/psf.cssbe.gouv.qc.ca\/index.php?rest_route=\/wp\/v2\/pages\/433","targetHints":{"allow":["GET"]}}],"collection":[{"href":"https:\/\/psf.cssbe.gouv.qc.ca\/index.php?rest_route=\/wp\/v2\/pages"}],"about":[{"href":"https:\/\/psf.cssbe.gouv.qc.ca\/index.php?rest_route=\/wp\/v2\/types\/page"}],"author":[{"embeddable":true,"href":"https:\/\/psf.cssbe.gouv.qc.ca\/index.php?rest_route=\/wp\/v2\/users\/6"}],"replies":[{"embeddable":true,"href":"https:\/\/psf.cssbe.gouv.qc.ca\/index.php?rest_route=%2Fwp%2Fv2%2Fcomments&post=433"}],"version-history":[{"count":10,"href":"https:\/\/psf.cssbe.gouv.qc.ca\/index.php?rest_route=\/wp\/v2\/pages\/433\/revisions"}],"predecessor-version":[{"id":5379,"href":"https:\/\/psf.cssbe.gouv.qc.ca\/index.php?rest_route=\/wp\/v2\/pages\/433\/revisions\/5379"}],"wp:attachment":[{"href":"https:\/\/psf.cssbe.gouv.qc.ca\/index.php?rest_route=%2Fwp%2Fv2%2Fmedia&parent=433"}],"curies":[{"name":"wp","href":"https:\/\/api.w.org\/{rel}","templated":true}]}}