{"id":431,"date":"2014-02-28T14:29:32","date_gmt":"2014-02-28T19:29:32","guid":{"rendered":"http:\/\/psftest.csbe.qc.ca\/?page_id=431"},"modified":"2022-11-22T06:43:11","modified_gmt":"2022-11-22T11:43:11","slug":"normes-et-modalites","status":"publish","type":"page","link":"https:\/\/psf.cssbe.gouv.qc.ca\/?page_id=431","title":{"rendered":"\u00c9cole"},"content":{"rendered":"<p align=\"LEFT\">Dans cette section, vous trouverez des informations g\u00e9n\u00e9rales pertinentes concernant<\/p>\n<ul>\n<li>La Fondation de la PSF<\/li>\n<li>Le conseil d&rsquo;\u00e9tablissement<\/li>\n<li>Le programme d&rsquo;\u00e9tablissement<\/li>\n<\/ul>\n<p>et plus encore !<\/p>\n<p style=\"text-align: center;\" align=\"LEFT\">\u00a0<\/p>\n<h3>\u00a0<\/h3>\n<div id=\"cboxOverlay\" style=\"display: none;\">\u00a0<\/div>\n<div id=\"colorbox\" style=\"display: none;\" tabindex=\"-1\">\u00a0<\/div>\n\n<!-- PDF Embedder: Please provide an \"URL\" attribute in your shortcode. -->","protected":false},"excerpt":{"rendered":"<p>Dans cette section, vous trouverez des informations g\u00e9n\u00e9rales pertinentes concernant La Fondation de la PSF Le conseil d&rsquo;\u00e9tablissement Le programme d&rsquo;\u00e9tablissement et plus encore ! \u00a0 \u00a0 \u00a0 \u00a0<\/p>\n","protected":false},"author":6,"featured_media":0,"parent":0,"menu_order":0,"comment_status":"closed","ping_status":"closed","template":"","meta":{"footnotes":""},"class_list":["post-431","page","type-page","status-publish","hentry"],"_links":{"self":[{"href":"https:\/\/psf.cssbe.gouv.qc.ca\/index.php?rest_route=\/wp\/v2\/pages\/431","targetHints":{"allow":["GET"]}}],"collection":[{"href":"https:\/\/psf.cssbe.gouv.qc.ca\/index.php?rest_route=\/wp\/v2\/pages"}],"about":[{"href":"https:\/\/psf.cssbe.gouv.qc.ca\/index.php?rest_route=\/wp\/v2\/types\/page"}],"author":[{"embeddable":true,"href":"https:\/\/psf.cssbe.gouv.qc.ca\/index.php?rest_route=\/wp\/v2\/users\/6"}],"replies":[{"embeddable":true,"href":"https:\/\/psf.cssbe.gouv.qc.ca\/index.php?rest_route=%2Fwp%2Fv2%2Fcomments&post=431"}],"version-history":[{"count":23,"href":"https:\/\/psf.cssbe.gouv.qc.ca\/index.php?rest_route=\/wp\/v2\/pages\/431\/revisions"}],"predecessor-version":[{"id":5477,"href":"https:\/\/psf.cssbe.gouv.qc.ca\/index.php?rest_route=\/wp\/v2\/pages\/431\/revisions\/5477"}],"wp:attachment":[{"href":"https:\/\/psf.cssbe.gouv.qc.ca\/index.php?rest_route=%2Fwp%2Fv2%2Fmedia&parent=431"}],"curies":[{"name":"wp","href":"https:\/\/api.w.org\/{rel}","templated":true}]}}