{"id":423,"date":"2014-02-28T14:19:21","date_gmt":"2014-02-28T19:19:21","guid":{"rendered":"http:\/\/psftest.csbe.qc.ca\/?page_id=423"},"modified":"2023-10-12T06:29:14","modified_gmt":"2023-10-12T10:29:14","slug":"les-programmes","status":"publish","type":"page","link":"https:\/\/psf.cssbe.gouv.qc.ca\/?page_id=423","title":{"rendered":"Les programmes"},"content":{"rendered":"<p><span style=\"font-size: large;\">Dans cette section, vous trouverez plus de d\u00e9tails sur les programmes offerts \u00e0 notre \u00e9cole.<\/span><\/p>\n","protected":false},"excerpt":{"rendered":"<p>Dans cette section, vous trouverez plus de d\u00e9tails sur les programmes offerts \u00e0 notre \u00e9cole.<\/p>\n","protected":false},"author":6,"featured_media":0,"parent":0,"menu_order":0,"comment_status":"closed","ping_status":"closed","template":"","meta":{"footnotes":""},"class_list":["post-423","page","type-page","status-publish","hentry"],"_links":{"self":[{"href":"https:\/\/psf.cssbe.gouv.qc.ca\/index.php?rest_route=\/wp\/v2\/pages\/423","targetHints":{"allow":["GET"]}}],"collection":[{"href":"https:\/\/psf.cssbe.gouv.qc.ca\/index.php?rest_route=\/wp\/v2\/pages"}],"about":[{"href":"https:\/\/psf.cssbe.gouv.qc.ca\/index.php?rest_route=\/wp\/v2\/types\/page"}],"author":[{"embeddable":true,"href":"https:\/\/psf.cssbe.gouv.qc.ca\/index.php?rest_route=\/wp\/v2\/users\/6"}],"replies":[{"embeddable":true,"href":"https:\/\/psf.cssbe.gouv.qc.ca\/index.php?rest_route=%2Fwp%2Fv2%2Fcomments&post=423"}],"version-history":[{"count":16,"href":"https:\/\/psf.cssbe.gouv.qc.ca\/index.php?rest_route=\/wp\/v2\/pages\/423\/revisions"}],"predecessor-version":[{"id":5641,"href":"https:\/\/psf.cssbe.gouv.qc.ca\/index.php?rest_route=\/wp\/v2\/pages\/423\/revisions\/5641"}],"wp:attachment":[{"href":"https:\/\/psf.cssbe.gouv.qc.ca\/index.php?rest_route=%2Fwp%2Fv2%2Fmedia&parent=423"}],"curies":[{"name":"wp","href":"https:\/\/api.w.org\/{rel}","templated":true}]}}