{"id":409,"date":"2014-02-28T11:49:19","date_gmt":"2014-02-28T16:49:19","guid":{"rendered":"http:\/\/psftest.csbe.qc.ca\/?page_id=409"},"modified":"2025-08-07T11:17:25","modified_gmt":"2025-08-07T15:17:25","slug":"direction-et-personnel","status":"publish","type":"page","link":"https:\/\/psf.cssbe.gouv.qc.ca\/?page_id=409","title":{"rendered":"Direction et personnel"},"content":{"rendered":"<h3><span style=\"color: #339966;\">\u00c9quipe de direction<\/span><\/h3>\n<table style=\"border-collapse: collapse; width: 100%; height: 79px;\">\n<tbody>\n<tr style=\"height: 26px;\">\n<td style=\"width: 50%; height: 26px;\">Directrice<\/td>\n<td style=\"width: 50%; height: 26px;\">Anne B\u00e9gin<\/td>\n<\/tr>\n<tr style=\"height: 26px;\">\n<td style=\"width: 50%; height: 26px;\">Directrice adjointe, 1re -secondaire et 2e secondaire PEI<\/td>\n<td style=\"width: 50%; height: 26px;\">Isabelle M Parent<\/td>\n<\/tr>\n<tr style=\"height: 26px;\">\n<td style=\"width: 50%; height: 27px;\">Directeur adjoint, 2e secondaire r\u00e9gulier, 3e-4e-5e secondaire, Passeport et Ph\u00e9nix<\/td>\n<td style=\"width: 50%; height: 27px;\">Alexandre Boily<\/td>\n<\/tr>\n<\/tbody>\n<\/table>\n<h3><span style=\"color: #339966;\">Personnel administratif<\/span><\/h3>\n<table style=\"border-collapse: collapse; width: 100%;\">\n<tbody>\n<tr>\n<td style=\"width: 50%;\">Secr\u00e9taire<\/td>\n<td style=\"width: 50%;\">Caroline Ratt\u00e9<\/td>\n<\/tr>\n<tr>\n<td style=\"width: 50%;\">Agente bureau<\/td>\n<td style=\"width: 50%;\">Lysanne Dion<\/td>\n<\/tr>\n<tr>\n<td style=\"width: 50%;\">Agente bureau<\/td>\n<td style=\"width: 50%;\">Danie Couture<\/td>\n<\/tr>\n<tr>\n<td style=\"width: 50%;\">Secr\u00e9taire<\/td>\n<td style=\"width: 50%;\">Genevi\u00e8ve Labrecque<\/td>\n<\/tr>\n<\/tbody>\n<\/table>\n<h3 style=\"text-align: left;\"><span style=\"color: #339966;\">Personnel enseignant<\/span><\/h3>\n<table style=\"border-collapse: collapse; width: 102.619%; height: 43px;\">\n<tbody>\n<tr style=\"height: 10px;\">\n<td style=\"width: 16.3713%; height: 10px; text-align: center;\">\n<h5><span style=\"color: #000000;\"><strong>Math\u00e9matiques<\/strong><\/span><\/h5>\n<\/td>\n<td style=\"width: 16.33%; height: 10px; text-align: center;\">\n<h5><span style=\"color: #000000;\"><strong>Fran\u00e7ais<\/strong><\/span><\/h5>\n<\/td>\n<td style=\"width: 14.9682%; height: 10px; text-align: center;\">\n<h5><span style=\"color: #000000;\"><strong>Anglais<\/strong><\/span><\/h5>\n<\/td>\n<td style=\"width: 16.2838%; height: 10px; text-align: center;\">\n<h5><span style=\"color: #000000;\"><strong>Sciences<\/strong><\/span><\/h5>\n<\/td>\n<td style=\"width: 14.8243%; height: 10px; text-align: center;\">\n<h5><span style=\"color: #000000;\"><strong>Univers social<\/strong><\/span><\/h5>\n<\/td>\n<\/tr>\n<tr style=\"height: 71px;\">\n<td style=\"width: 16.3713%; text-align: left; height: 10px;\">Marquis Bolduc<br \/>Marie-Pier G. Veilleux<br \/>Laurie Labb\u00e9<br \/>Martin Loignon<br \/>Renelle Paquet<br \/>Nicole J-R Poulin<br \/>Marie-Luc Lessard<br \/>H\u00e9l\u00e8ne Tanguay Sabrina M Bolduc<\/td>\n<td style=\"width: 16.33%; height: 10px;\">Isabelle Roy<br \/>Marie-Andr\u00e9e Quirion<br \/>Caroline M. Paquet<br \/>Marie-\u00c8ve Gilbert<br \/>Jos\u00e9e Grondin<br \/>David Doyon<br \/>Am\u00e9lie Roy-Larochelle<br \/>Nadia Leblond<\/td>\n<td style=\"width: 14.9682%; height: 10px;\">Annie S. Cliche<br \/>Emilie Duval<br \/>Dave Cliche<br \/>Sindy Morin-Roy<br \/>Vincent M\u00e9thot<br \/>St\u00e9phanie N. Poulin<br \/>Dave Loubier<\/td>\n<td style=\"width: 16.2838%; height: 10px;\">Dany R. Poulin<br \/>Anne Gigu\u00e8re<br \/>St\u00e9phanie Tanguay<br \/>Patrick Groleau<br \/>Marie-Andr\u00e9e Plante<br \/>H\u00e9l\u00e8ne Tanguay<br \/>Julie Rainville<\/td>\n<td style=\"width: 14.8243%; height: 10px;\">Steve Breton<br \/>Marco Lagueux<br \/>Bernard Turcotte<br \/>R\u00e9mi Roy<br \/>Dominique Poulin<\/td>\n<\/tr>\n<tr style=\"height: 23px;\">\n<td style=\"width: 16.3713%; text-align: left; height: 23px;\">\u00a0<\/td>\n<td style=\"width: 16.33%; height: 23px;\">\u00a0<\/td>\n<td style=\"width: 14.9682%; height: 23px;\">\u00a0<\/td>\n<td style=\"width: 16.2838%; height: 23px;\">\u00a0<\/td>\n<td style=\"width: 14.8243%; height: 23px;\">\u00a0<\/td>\n<\/tr>\n<\/tbody>\n<\/table>\n<h3>\u00a0<\/h3>\n<table style=\"border-collapse: collapse; width: 105.476%; height: 253px;\">\n<tbody>\n<tr style=\"height: 74px;\">\n<td style=\"width: 18.0813%; height: 74px;\">\n<h5><span style=\"color: #000000;\"><strong>Arts plastiques<\/strong><\/span><\/h5>\n<\/td>\n<td style=\"width: 18.0812%; height: 74px;\">\n<h5><span style=\"color: #000000;\"><strong>Musique<\/strong><\/span><\/h5>\n<\/td>\n<td style=\"width: 17.9684%; height: 74px;\">\n<h5><span style=\"color: #000000;\"><strong>Citoyennet\u00e9 et culture qu\u00e9b\u00e9coise<\/strong><\/span><\/h5>\n<\/td>\n<td style=\"width: 21.4977%; height: 74px;\">\n<h5><span style=\"color: #000000;\"><strong>Education physique<\/strong><\/span><\/h5>\n<\/td>\n<td style=\"width: 29.7784%; height: 74px;\">\n<h5><span style=\"color: #000000;\"><strong>Espagnol<\/strong><\/span><\/h5>\n<\/td>\n<\/tr>\n<tr style=\"height: 26px;\">\n<td style=\"width: 18.0813%; height: 75px;\" rowspan=\"6\">Genevi\u00e8ve Bachand<br \/>M\u00e9lanie Guenette<br \/>David Labrecque<\/td>\n<td style=\"width: 18.0812%; height: 26px;\" rowspan=\"6\">St\u00e9phane Rodrigue<br \/>David Labrecque<\/td>\n<td style=\"width: 17.9684%; height: 26px;\" rowspan=\"6\">Steve Breton<br \/>Dave Cliche<br \/>R\u00e9mi Roy<br \/>David M\u00e9tivier<br \/>Isabelle Roy<br \/>Marie-\u00c8ve Gilbert<\/td>\n<td style=\"width: 21.4977%; height: 26px;\" rowspan=\"6\">K\u00e9vin B\u00e9langer<br \/>St\u00e9phane Thibaudeau<br \/>Joanie Couture<br \/>Gabriel Fecteau-Gilbert<\/td>\n<td style=\"width: 29.7784%; height: 26px;\" rowspan=\"6\">Annie S. Cliche<br \/>Marie-\u00c8ve Laverdi\u00e8re-Dallaire<\/td>\n<\/tr>\n<\/tbody>\n<\/table>\n<p><strong><span style=\"color: #339966;\">Orthop\u00e9dagogie:<\/span><\/strong> <span style=\"color: #000000;\">Sabrina M. Bolduc<\/span><\/p>\n<h3><span style=\"color: #339966;\">Personnel Technique<\/span><\/h3>\n<p style=\"padding-left: 30px;\">Genevi\u00e8ve Lessard, T.E.S. local Phare<\/p>\n<p>\u00a0 \u00a0 \u00a0 Joannie Larochelle, T.E.S. niveau<\/p>\n<p>Annie C. Champagne, T.E.S., Local Spot, toxicomanie<\/p>\n<p style=\"padding-left: 30px;\">Cindy Grondin, T.E.S. niveau<\/p>\n<p>\u00a0Val\u00e9rie L. Lachance, T.E.S. niveau<\/p>\n<p>Joanie C. Veilleux, T.E.S. niveau<\/p>\n<p>\u00a0 \u00a0 \u00a0 M\u00e9lissa M. Gilbert, T.E.S. groupe Ph\u00e9nix<\/p>\n<p>\u00c9valyne Gr\u00e9goire, T.E.S. groupe Ph\u00e9nix<\/p>\n<p style=\"padding-left: 30px;\">Logan Doyon, Technicien en loisirs<\/p>\n<p>\u00a0 \u00a0 \u00a0 \u00a0Jos\u00e9e Lamontagne, Technicienne en travaux pratiques<\/p>\n<p>V\u00e9ronique Staniscia, Technicienne en travaux pratiques<\/p>\n<p>Daniel Potvin , Technicien en travaux pratiques<\/p>\n\n\n<p>Voici notre \u00e9quipe des services professionnels:<\/p>\n<hr size=\"4\" width=\"100%\" \/>\n<h3>Conseill\u00e8re d\u2019orientation: Mme Chantal C\u00e9cire<\/h3>\n<p><strong>Horaire :<\/strong> lundi au vendredi de 8 h 30 \u00e0 16 h 30<br \/><strong>T\u00e2che :<\/strong> conseill\u00e8re en orientation.<\/p>\n<p>\u2022Soutenir les \u00e9l\u00e8ves dans leur parcours scolaire.<br \/>\u2022Fournir de l\u2019aide et du support \u00e0 l\u2019\u00e9l\u00e8ve qui a de multiples choix \u00e0 faire sur les plans scolaire et professionnel, tant dans la poursuite de ses \u00e9tudes que dans son cheminement de carri\u00e8re<br \/>\u2022Supporter la d\u00e9marche personnelle d\u2019orientation de l\u2019\u00e9l\u00e8ve qui peut \u00eatre d\u00e9clench\u00e9e par le cours d\u2019\u00e9ducation au choix de carri\u00e8re.<\/p>\n<p><strong>D\u00e9marche :<\/strong><\/p>\n<p>\u2022rencontres de groupe ou individuelles<br \/>\u2022analyses de r\u00e9sultats scolaires<br \/>\u2022\u00e9changes avec les parents et le personnel enseignant<br \/>\u2022tests d\u2019aptitudes, d\u2019int\u00e9r\u00eats et de personnalit\u00e9<\/p>\n<p>Madame Am\u00e9lie Gigu\u00e8re C.O. soutien \u00e9galement nos \u00e9l\u00e8ves du premier cycle.<\/p>\n<hr size=\"4\" width=\"100%\" \/>\n<h3>Service de psychologie: Mme Gabrielle Morin, travailleuse sociale<\/h3>\n<p><strong>Horaire :<\/strong> lundi, mercredi, jeudi, vendredi de 8 h 15 \u00e0 15 h 30<\/p>\n<p><strong>Mission:<\/strong><\/p>\n<p>\u2022Contribuer au parcours scolaire des \u00e9l\u00e8ves en portant une attention particuli\u00e8re \u00e0 leur bien-\u00eatre personnel.<\/p>\n<p><strong>Actions:<\/strong><\/p>\n<p>\u2022Jouer un r\u00f4le conseil aupr\u00e8s du personnel scolaire.<\/p>\n<p>\u2022R\u00e9aliser des rencontres de groupe ou individuelles aupr\u00e8s des \u00e9l\u00e8ves.<\/p>\n<p>\u2022Participer au d\u00e9pistage de certaines probl\u00e9matiques et la mise sur pied des plans d\u2019intervention.<\/p>\n<p><strong>Probl\u00e9matiques touch\u00e9es:<\/strong><\/p>\n<p>difficult\u00e9s d\u2019attention-concentration, manque de motivation, de confiance en soi, anxi\u00e9t\u00e9, d\u00e9prime, difficult\u00e9s relationnelles (ex. amis, famille).<\/p>\n<hr size=\"4\" width=\"100%\" \/>\n<h3>Animatrice en d\u00e9veloppement personnel et \u00e0 l\u2019engagement communautaire: Mme Sarah Fecteau<\/h3>\n<p><strong>Horaire :<\/strong> lundi et mercredi<\/p>\n<p><strong>T\u00e2che :<\/strong><\/p>\n<p>\u2022Voir \u00e0 l\u2019animation d\u2019activit\u00e9s menant \u00e0 la croissance de soi et \u00e0 sa qu\u00eate d\u2019identit\u00e9<br \/>\u2022Favoriser chez les \u00e9l\u00e8ves le d\u00e9veloppement d\u2019une vie spirituelle autonome et responsable afin de contribuer \u00e0 l\u2019\u00e9dification d\u2019une soci\u00e9t\u00e9 harmonieuse et solidaire<br \/>\u2022Pr\u00f4ner l\u2019engagement dans des projets susceptibles d\u2019am\u00e9liorer le milieu de vie des \u00e9l\u00e8ves et utiliser leur v\u00e9cu pour les aider \u00e0 r\u00e9fl\u00e9chir et \u00e0 progresser dans leur vie spirituelle<\/p>\n<p>Objectifs :<br \/>\u2022Vivre des situations de r\u00e9flexion et d\u2019exp\u00e9rimentation qui les aideront \u00e0 faire librement des progr\u00e8s dans leur vie spirituelle<br \/>\u2022S\u2019engager dans les projets personnels et collectifs susceptibles d\u2019am\u00e9liorer leur milieu et la soci\u00e9t\u00e9<br \/>\u2022Construire des liens entre leur vie et leur engagement communautaire en vue d\u2019une plus grande coh\u00e9rence personnelle et sociale<\/p>\n<hr size=\"4\" width=\"100%\" \/>\n<h3>Travailleur social scolaire: M. Carles M Roy<\/h3>\n<p><strong>Horaire : <\/strong>selon les besoins r\u00e9f\u00e9r\u00e9s<br \/><strong>T\u00e2ches :<\/strong><\/p>\n<p>\u2022Intervenir aupr\u00e8s de l\u2019\u00e9l\u00e8ve qui vit momentan\u00e9ment des situations difficiles dans l\u2019\u00e9tablissement et dans le maintien de ses rapports sociaux, plus sp\u00e9cialement avec les jeunes de son entourage, ses enseignantes ou enseignants, ses parents, sa direction d\u2019\u00e9cole, etc.<br \/>\u2022Intervenir aupr\u00e8s de la famille de l\u2019\u00e9l\u00e8ve dont la motivation scolaire est dangereusement d\u00e9croissante<br \/>\u2022Intervenir aupr\u00e8s de l\u2019ensemble des \u00e9l\u00e8ves ou des groupes plus sp\u00e9cifiques par le partage d\u2019information et par des prises de conscience sur des sujets intimement li\u00e9s \u00e0 leur vie sociale comme l\u2019alcool, les lois qui les concernent plus sp\u00e9cifiquement, les relations entre les gar\u00e7ons et les filles.<br \/>\u2022Assurer la disponibilit\u00e9 des ressources du CLSC, en relation avec les services sociaux visant les jeunes, pour les \u00e9l\u00e8ves et les membres du personnel de l\u2019\u00e9cole<\/p>\n<hr size=\"4\" width=\"100%\" \/>\n<h3>Infirmi\u00e8re: Mme Kathy Labrecque<\/h3>\n<p><strong> Horaire :<\/strong> selon les besoins<br \/><strong>T\u00e2ches :<\/strong><\/p>\n<p>\u2022Ax\u00e9es sur la consultation, l\u2019intervention et l\u2019\u00e9ducation \u00e0 la sant\u00e9<br \/>\u2022Fournir de l\u2019information concernant l\u2019alimentation, la sexualit\u00e9 et l\u2019hygi\u00e8ne personnelle aux \u00e9l\u00e8ves par des moyens diversifi\u00e9s (en collaboration avec divers autres intervenants\/intervenantes de l\u2019\u00e9cole)<br \/>\u2022Rencontrer les \u00e9l\u00e8ves qui souhaitent aborder des probl\u00e8mes de sant\u00e9<br \/>\u2022R\u00e9f\u00e9rer les \u00e9l\u00e8ves qui n\u00e9cessitent un d\u00e9pistage de troubles visuel et auditif ou de probl\u00e8mes de sant\u00e9<br \/>\u2022Agir \u00e0 titre d\u2019interm\u00e9diaire pour assurer la disponibilit\u00e9 des ressources du CLSC \u00e0 l\u2019\u00e9cole : hygi\u00e9niste dentaire, di\u00e9t\u00e9tiste, m\u00e9decin, travailleur ou travailleuse sociale, infirmier ou infirmi\u00e8re<\/p>\n<hr size=\"4\" width=\"100%\" \/>\n<h3>\u00a0<\/h3>\n<div id=\"cboxOverlay\">\u00a0<\/div>\n<div id=\"colorbox\" tabindex=\"-1\">\u00a0<\/div>\n","protected":false},"excerpt":{"rendered":"<p>\u00c9quipe de direction Directrice Anne B\u00e9gin Directrice adjointe, 1re -secondaire et 2e secondaire PEI Isabelle M Parent Directeur adjoint, 2e secondaire r\u00e9gulier, 3e-4e-5e secondaire, Passeport et Ph\u00e9nix Alexandre Boily Personnel administratif Secr\u00e9taire Caroline Ratt\u00e9 Agente bureau Lysanne Dion Agente bureau Danie Couture Secr\u00e9taire Genevi\u00e8ve Labrecque Personnel enseignant Math\u00e9matiques Fran\u00e7ais Anglais Sciences Univers social Marquis BolducMarie-Pier G. VeilleuxLaurie Labb\u00e9Martin LoignonRenelle PaquetNicole J-R PoulinMarie-Luc LessardH\u00e9l\u00e8ne Tanguay Sabrina M Bolduc Isabelle RoyMarie-Andr\u00e9e QuirionCaroline M. PaquetMarie-\u00c8ve GilbertJos\u00e9e GrondinDavid DoyonAm\u00e9lie Roy-LarochelleNadia Leblond Annie S. ClicheEmilie DuvalDave ClicheSindy Morin-RoyVincent M\u00e9thotSt\u00e9phanie N. PoulinDave Loubier Dany R. PoulinAnne Gigu\u00e8reSt\u00e9phanie TanguayPatrick GroleauMarie-Andr\u00e9e PlanteH\u00e9l\u00e8ne TanguayJulie Rainville Steve BretonMarco LagueuxBernard TurcotteR\u00e9mi RoyDominique Poulin \u00a0 \u00a0 \u00a0 \u00a0 \u00a0 \u00a0 Arts plastiques Musique Citoyennet\u00e9 et culture qu\u00e9b\u00e9coise Education physique Espagnol Genevi\u00e8ve BachandM\u00e9lanie GuenetteDavid Labrecque St\u00e9phane RodrigueDavid Labrecque Steve BretonDave ClicheR\u00e9mi RoyDavid M\u00e9tivierIsabelle RoyMarie-\u00c8ve Gilbert K\u00e9vin B\u00e9langerSt\u00e9phane ThibaudeauJoanie CoutureGabriel Fecteau-Gilbert Annie S. ClicheMarie-\u00c8ve Laverdi\u00e8re-Dallaire Orthop\u00e9dagogie: Sabrina M. Bolduc Personnel Technique Genevi\u00e8ve Lessard, T.E.S. local Phare \u00a0 \u00a0 \u00a0 Joannie Larochelle, T.E.S. niveau Annie C. Champagne, T.E.S., Local Spot, toxicomanie Cindy Grondin, T.E.S. niveau \u00a0Val\u00e9rie L. Lachance, T.E.S. niveau Joanie C. Veilleux, T.E.S. niveau \u00a0 \u00a0 \u00a0 M\u00e9lissa M. Gilbert, T.E.S. groupe Ph\u00e9nix \u00c9valyne Gr\u00e9goire, T.E.S. groupe Ph\u00e9nix Logan Doyon, Technicien en loisirs \u00a0 \u00a0 \u00a0 \u00a0Jos\u00e9e Lamontagne, Technicienne en travaux pratiques V\u00e9ronique Staniscia, Technicienne en travaux pratiques Daniel Potvin , Technicien en travaux pratiques Voici notre \u00e9quipe des services professionnels: Conseill\u00e8re d\u2019orientation: Mme Chantal C\u00e9cire Horaire : lundi au vendredi de 8 h 30 \u00e0 16 h 30T\u00e2che : conseill\u00e8re en orientation. \u2022Soutenir les \u00e9l\u00e8ves dans leur parcours scolaire.\u2022Fournir de l\u2019aide et du support \u00e0 l\u2019\u00e9l\u00e8ve qui a de multiples choix \u00e0 faire sur les plans scolaire et professionnel, tant dans la poursuite de ses \u00e9tudes que dans son cheminement de carri\u00e8re\u2022Supporter la d\u00e9marche personnelle d\u2019orientation de l\u2019\u00e9l\u00e8ve qui peut \u00eatre d\u00e9clench\u00e9e par le cours d\u2019\u00e9ducation au choix de carri\u00e8re. D\u00e9marche : \u2022rencontres de groupe ou individuelles\u2022analyses de r\u00e9sultats scolaires\u2022\u00e9changes avec les parents et le personnel enseignant\u2022tests d\u2019aptitudes, d\u2019int\u00e9r\u00eats et de personnalit\u00e9 Madame Am\u00e9lie Gigu\u00e8re C.O. soutien \u00e9galement nos \u00e9l\u00e8ves du premier cycle. Service de psychologie: Mme Gabrielle Morin, travailleuse sociale Horaire : lundi, mercredi, jeudi, vendredi de 8 h 15 \u00e0 15 h 30 Mission: \u2022Contribuer au parcours scolaire des \u00e9l\u00e8ves en portant une attention particuli\u00e8re \u00e0 leur bien-\u00eatre personnel. Actions: \u2022Jouer un r\u00f4le conseil aupr\u00e8s du personnel scolaire. \u2022R\u00e9aliser des rencontres de groupe ou individuelles aupr\u00e8s des \u00e9l\u00e8ves. \u2022Participer au d\u00e9pistage de certaines probl\u00e9matiques et la mise sur pied des plans d\u2019intervention. Probl\u00e9matiques touch\u00e9es: difficult\u00e9s d\u2019attention-concentration, manque de motivation, de confiance en soi, anxi\u00e9t\u00e9, d\u00e9prime, difficult\u00e9s relationnelles (ex. amis, famille). Animatrice en d\u00e9veloppement personnel et \u00e0 l\u2019engagement communautaire: Mme Sarah Fecteau Horaire : lundi et mercredi T\u00e2che : \u2022Voir \u00e0 l\u2019animation d\u2019activit\u00e9s menant \u00e0 la croissance de soi et \u00e0 sa qu\u00eate d\u2019identit\u00e9\u2022Favoriser chez les \u00e9l\u00e8ves le d\u00e9veloppement d\u2019une vie spirituelle autonome et responsable afin de contribuer \u00e0 l\u2019\u00e9dification d\u2019une soci\u00e9t\u00e9 harmonieuse et solidaire\u2022Pr\u00f4ner l\u2019engagement dans des projets susceptibles d\u2019am\u00e9liorer le milieu de vie des \u00e9l\u00e8ves et utiliser leur v\u00e9cu pour les aider \u00e0 r\u00e9fl\u00e9chir et \u00e0 progresser dans leur vie spirituelle Objectifs :\u2022Vivre des situations de r\u00e9flexion et d\u2019exp\u00e9rimentation qui les aideront \u00e0 faire librement des progr\u00e8s dans leur vie spirituelle\u2022S\u2019engager dans les projets personnels et collectifs susceptibles d\u2019am\u00e9liorer leur milieu et la soci\u00e9t\u00e9\u2022Construire des liens entre leur vie et leur engagement communautaire en vue d\u2019une plus grande coh\u00e9rence personnelle et sociale Travailleur social scolaire: M. Carles M Roy Horaire : selon les besoins r\u00e9f\u00e9r\u00e9sT\u00e2ches : \u2022Intervenir aupr\u00e8s de l\u2019\u00e9l\u00e8ve qui vit momentan\u00e9ment des situations difficiles dans l\u2019\u00e9tablissement et dans le maintien de ses rapports sociaux, plus sp\u00e9cialement avec les jeunes de son entourage, ses enseignantes ou enseignants, ses parents, sa direction d\u2019\u00e9cole, etc.\u2022Intervenir aupr\u00e8s de la famille de l\u2019\u00e9l\u00e8ve dont la motivation scolaire est dangereusement d\u00e9croissante\u2022Intervenir aupr\u00e8s de l\u2019ensemble des \u00e9l\u00e8ves ou des groupes plus sp\u00e9cifiques par le partage d\u2019information et par des prises de conscience sur des sujets intimement li\u00e9s \u00e0 leur vie sociale comme l\u2019alcool, les lois qui les concernent plus sp\u00e9cifiquement, les relations entre les gar\u00e7ons et les filles.\u2022Assurer la disponibilit\u00e9 des ressources du CLSC, en relation avec les services sociaux visant les jeunes, pour les \u00e9l\u00e8ves et les membres du personnel de l\u2019\u00e9cole Infirmi\u00e8re: Mme Kathy Labrecque Horaire : selon les besoinsT\u00e2ches : \u2022Ax\u00e9es sur la consultation, l\u2019intervention et l\u2019\u00e9ducation \u00e0 la sant\u00e9\u2022Fournir de l\u2019information concernant l\u2019alimentation, la sexualit\u00e9 et l\u2019hygi\u00e8ne personnelle aux \u00e9l\u00e8ves par des moyens diversifi\u00e9s (en collaboration avec divers autres intervenants\/intervenantes de l\u2019\u00e9cole)\u2022Rencontrer les \u00e9l\u00e8ves qui souhaitent aborder des probl\u00e8mes de sant\u00e9\u2022R\u00e9f\u00e9rer les \u00e9l\u00e8ves qui n\u00e9cessitent un d\u00e9pistage de troubles visuel et auditif ou de probl\u00e8mes de sant\u00e9\u2022Agir \u00e0 titre d\u2019interm\u00e9diaire pour assurer la disponibilit\u00e9 des ressources du CLSC \u00e0 l\u2019\u00e9cole : hygi\u00e9niste dentaire, di\u00e9t\u00e9tiste, m\u00e9decin, travailleur ou travailleuse sociale, infirmier ou infirmi\u00e8re \u00a0 \u00a0 \u00a0<\/p>\n","protected":false},"author":6,"featured_media":0,"parent":0,"menu_order":0,"comment_status":"closed","ping_status":"closed","template":"","meta":{"footnotes":""},"class_list":["post-409","page","type-page","status-publish","hentry"],"_links":{"self":[{"href":"https:\/\/psf.cssbe.gouv.qc.ca\/index.php?rest_route=\/wp\/v2\/pages\/409","targetHints":{"allow":["GET"]}}],"collection":[{"href":"https:\/\/psf.cssbe.gouv.qc.ca\/index.php?rest_route=\/wp\/v2\/pages"}],"about":[{"href":"https:\/\/psf.cssbe.gouv.qc.ca\/index.php?rest_route=\/wp\/v2\/types\/page"}],"author":[{"embeddable":true,"href":"https:\/\/psf.cssbe.gouv.qc.ca\/index.php?rest_route=\/wp\/v2\/users\/6"}],"replies":[{"embeddable":true,"href":"https:\/\/psf.cssbe.gouv.qc.ca\/index.php?rest_route=%2Fwp%2Fv2%2Fcomments&post=409"}],"version-history":[{"count":114,"href":"https:\/\/psf.cssbe.gouv.qc.ca\/index.php?rest_route=\/wp\/v2\/pages\/409\/revisions"}],"predecessor-version":[{"id":6172,"href":"https:\/\/psf.cssbe.gouv.qc.ca\/index.php?rest_route=\/wp\/v2\/pages\/409\/revisions\/6172"}],"wp:attachment":[{"href":"https:\/\/psf.cssbe.gouv.qc.ca\/index.php?rest_route=%2Fwp%2Fv2%2Fmedia&parent=409"}],"curies":[{"name":"wp","href":"https:\/\/api.w.org\/{rel}","templated":true}]}}