{"id":407,"date":"2014-02-28T11:47:52","date_gmt":"2014-02-28T16:47:52","guid":{"rendered":"http:\/\/psftest.csbe.qc.ca\/?page_id=407"},"modified":"2022-11-22T06:53:02","modified_gmt":"2022-11-22T11:53:02","slug":"historique-2","status":"publish","type":"page","link":"https:\/\/psf.cssbe.gouv.qc.ca\/?page_id=407","title":{"rendered":"Historique et informations"},"content":{"rendered":"<p>L\u2019\u00e9ducation de vos enfants vous tient \u00e0 c\u0153ur et vous d\u00e9sirez leur offrir ce qu\u2019il y a de meilleur? La polyvalente Saint-Fran\u00e7ois est un \u00e9tablissement de premier choix.<\/p>\n<p>Bien enracin\u00e9e dans son milieu depuis plus de quarante ans, la polyvalente Saint-Fran\u00e7ois demeure une institution bien vivante\u00a0 qui s\u2019adapte \u00e0 l\u2019\u00e9volution de la soci\u00e9t\u00e9 dans laquelle elle \u00e9volue. Les responsables de l\u2019\u00e9cole n\u2019h\u00e9sitent d\u2019ailleurs pas \u00e0 se questionner pour trouver les meilleurs moyens de prodiguer une formation compl\u00e8te de qualit\u00e9 aux jeunes qui la fr\u00e9quentent. C\u2019est ainsi que la polyvalente Saint-Fran\u00e7ois propose depuis la rentr\u00e9e 1999 non pas un, mais deux programmes \u00e9ducatifs \u00e0 la mesure des aspirations de ses \u00e9l\u00e8ves : le programme de formation g\u00e9n\u00e9rale et le programme d\u2019\u00e9ducation internationale. Il est \u00e0 pr\u00e9ciser que le programme de formation g\u00e9n\u00e9rale s&rsquo;est aussi enrichi de couleurs particuli\u00e8res avec le programme d&rsquo;\u00c9ducation aux Langues (PEL) et le programme Passions.<\/p>\n<p>Il va sans dire que la premi\u00e8re pr\u00e9occupation de tous les intervenants et intervenantes de la polyvalente Saint-Fran\u00e7ois, dans l\u2019un ou l\u2019autre des programmes de formation offerts, est la r\u00e9ussite des \u00e9l\u00e8ves tant sur le plan personnel que sur le plan acad\u00e9mique. Et cette r\u00e9ussite, l\u2019\u00e9quipe de direction sait qu\u2019elle passe d\u2019abord et avant tout par des services professionnels de qualit\u00e9. C\u2019est l\u2019une des raisons pour laquelle tout le personnel de la polyvalente Saint-Fran\u00e7ois est impliqu\u00e9 dans un programme de formation continue assurant comp\u00e9tence et mise \u00e0 jour r\u00e9guli\u00e8re.<\/p>\n<h2>Historique<\/h2>\n<p>L\u2019\u00e9cole secondaire Saint-Fran\u00e7ois fut \u00e9rig\u00e9e en 1959-1960. \u00c0 cette \u00e9poque, elle accueillait douze classes de gar\u00e7ons et de filles regroup\u00e9es de la premi\u00e8re \u00e0 la septi\u00e8me ann\u00e9e et cinq classes de niveau secondaire pour les gar\u00e7ons.<\/p>\n<p>En septembre 1961, les gar\u00e7ons de niveau secondaire de Saint-Victor, Saint-Alfred et Saint-Simon se joignent \u00e0 ceux de l\u2019\u00e9cole Saint-Fran\u00e7ois pour atteindre une client\u00e8le de 540 \u00e9l\u00e8ves.<\/p>\n<p>En 1966-1967, l\u2019\u00e9cole Saint-Fran\u00e7ois change de client\u00e8le scolaire. D\u00e9sormais, ce sont les \u00e9l\u00e8ves des classes \u00e9l\u00e9mentaires qui la fr\u00e9quentent tandis que la client\u00e8le du secondaire se regroupe \u00e0 l\u2019\u00e9cole de L\u00e9ry. Ce d\u00e9m\u00e9nagement ne dure qu\u2019un certain temps puisqu\u2019en 1972-1973, les \u00e9l\u00e8ves du secondaire reviennent \u00e0 l\u2019\u00e9cole Saint-Fran\u00e7ois et au Pavillon Sacr\u00e9-C\u0153ur (ancien coll\u00e8ge des fr\u00e8res maristes).<\/p>\n<p>Toutefois, l\u2019\u00e9cole Saint-Fran\u00e7ois est \u00e0 ce moment trop petite et des demandes sont alors faites au minist\u00e8re de l\u2019\u00c9ducation pour obtenir l\u2019autorisation d\u2019y effectuer des travaux de r\u00e9am\u00e9nagement. En 1976, une biblioth\u00e8que, un gymnase avec palestre, un atelier, de nouvelles classes et des aires de jeux ext\u00e9rieurs sont ajout\u00e9s aux anciens locaux. L\u2019inauguration officielle a lieu en 1978.<\/p>\n<p>Vou\u00e9e \u00e0 l\u2019\u00e9ducation des jeunes depuis soixante ans, la polyvalente Saint-Fran\u00e7ois re\u00e7oit pr\u00e9sentement environ 700 \u00e9l\u00e8ves de Beauceville et des environs.<\/p>\n<h2>Le logo:<\/h2>\n<h2><img loading=\"lazy\" decoding=\"async\" class=\"size-medium wp-image-5080 alignleft\" src=\"https:\/\/psf.cssbe.gouv.qc.ca\/wp-content\/uploads\/2014\/02\/cropped-cropped-logo_psf-300x142.jpg\" alt=\"\" width=\"300\" height=\"142\" srcset=\"https:\/\/psf.cssbe.gouv.qc.ca\/wp-content\/uploads\/2014\/02\/cropped-cropped-logo_psf-300x142.jpg 300w, https:\/\/psf.cssbe.gouv.qc.ca\/wp-content\/uploads\/2014\/02\/cropped-cropped-logo_psf.jpg 326w\" sizes=\"auto, (max-width: 300px) 100vw, 300px\" \/><\/h2>\n<p>Le logo de la polyvalente se veut \u00e0 l\u2019image de celle-ci. En voici la signification :<\/p>\n<p><strong>Le soleil :<\/strong> L\u2019\u00e9nergie investie par les \u00e9l\u00e8ves et le personnel pour r\u00e9ussir.<\/p>\n<p><strong>Les pointes du soleil :<\/strong> Les diff\u00e9rentes mati\u00e8res enseign\u00e9es ainsi que le personnel qui les enseigne.<\/p>\n<p><strong>La spirale :<\/strong> Le lien entre les mati\u00e8res et le personnel.<\/p>\n<p><strong>La plan\u00e8te Terre :<\/strong> L\u2019ouverture sur le monde au c\u0153ur du programme d\u2019\u00e9ducation internationale offert \u00e0 la polyvalente.<\/p>\n","protected":false},"excerpt":{"rendered":"<p>L\u2019\u00e9ducation de vos enfants vous tient \u00e0 c\u0153ur et vous d\u00e9sirez leur offrir ce qu\u2019il y a de meilleur? La polyvalente Saint-Fran\u00e7ois est un \u00e9tablissement de premier choix. Bien enracin\u00e9e dans son milieu depuis plus de quarante ans, la polyvalente Saint-Fran\u00e7ois demeure une institution bien vivante\u00a0 qui s\u2019adapte \u00e0 l\u2019\u00e9volution de la soci\u00e9t\u00e9 dans laquelle elle \u00e9volue. Les responsables de l\u2019\u00e9cole n\u2019h\u00e9sitent d\u2019ailleurs pas \u00e0 se questionner pour trouver les meilleurs moyens de prodiguer une formation compl\u00e8te de qualit\u00e9 aux jeunes qui la fr\u00e9quentent. C\u2019est ainsi que la polyvalente Saint-Fran\u00e7ois propose depuis la rentr\u00e9e 1999 non pas un, mais deux programmes \u00e9ducatifs \u00e0 la mesure des aspirations de ses \u00e9l\u00e8ves : le programme de formation g\u00e9n\u00e9rale et le programme d\u2019\u00e9ducation internationale. Il est \u00e0 pr\u00e9ciser que le programme de formation g\u00e9n\u00e9rale s&rsquo;est aussi enrichi de couleurs particuli\u00e8res avec le programme d&rsquo;\u00c9ducation aux Langues (PEL) et le programme Passions. Il va sans dire que la premi\u00e8re pr\u00e9occupation de tous les intervenants et intervenantes de la polyvalente Saint-Fran\u00e7ois, dans l\u2019un ou l\u2019autre des programmes de formation offerts, est la r\u00e9ussite des \u00e9l\u00e8ves tant sur le plan personnel que sur le plan acad\u00e9mique. Et cette r\u00e9ussite, l\u2019\u00e9quipe de direction sait qu\u2019elle passe d\u2019abord et avant tout par des services professionnels de qualit\u00e9. C\u2019est l\u2019une des raisons pour laquelle tout le personnel de la polyvalente Saint-Fran\u00e7ois est impliqu\u00e9 dans un programme de formation continue assurant comp\u00e9tence et mise \u00e0 jour r\u00e9guli\u00e8re. Historique L\u2019\u00e9cole secondaire Saint-Fran\u00e7ois fut \u00e9rig\u00e9e en 1959-1960. \u00c0 cette \u00e9poque, elle accueillait douze classes de gar\u00e7ons et de filles regroup\u00e9es de la premi\u00e8re \u00e0 la septi\u00e8me ann\u00e9e et cinq classes de niveau secondaire pour les gar\u00e7ons. En septembre 1961, les gar\u00e7ons de niveau secondaire de Saint-Victor, Saint-Alfred et Saint-Simon se joignent \u00e0 ceux de l\u2019\u00e9cole Saint-Fran\u00e7ois pour atteindre une client\u00e8le de 540 \u00e9l\u00e8ves. En 1966-1967, l\u2019\u00e9cole Saint-Fran\u00e7ois change de client\u00e8le scolaire. D\u00e9sormais, ce sont les \u00e9l\u00e8ves des classes \u00e9l\u00e9mentaires qui la fr\u00e9quentent tandis que la client\u00e8le du secondaire se regroupe \u00e0 l\u2019\u00e9cole de L\u00e9ry. Ce d\u00e9m\u00e9nagement ne dure qu\u2019un certain temps puisqu\u2019en 1972-1973, les \u00e9l\u00e8ves du secondaire reviennent \u00e0 l\u2019\u00e9cole Saint-Fran\u00e7ois et au Pavillon Sacr\u00e9-C\u0153ur (ancien coll\u00e8ge des fr\u00e8res maristes). Toutefois, l\u2019\u00e9cole Saint-Fran\u00e7ois est \u00e0 ce moment trop petite et des demandes sont alors faites au minist\u00e8re de l\u2019\u00c9ducation pour obtenir l\u2019autorisation d\u2019y effectuer des travaux de r\u00e9am\u00e9nagement. En 1976, une biblioth\u00e8que, un gymnase avec palestre, un atelier, de nouvelles classes et des aires de jeux ext\u00e9rieurs sont ajout\u00e9s aux anciens locaux. L\u2019inauguration officielle a lieu en 1978. Vou\u00e9e \u00e0 l\u2019\u00e9ducation des jeunes depuis soixante ans, la polyvalente Saint-Fran\u00e7ois re\u00e7oit pr\u00e9sentement environ 700 \u00e9l\u00e8ves de Beauceville et des environs. Le logo: Le logo de la polyvalente se veut \u00e0 l\u2019image de celle-ci. En voici la signification : Le soleil : L\u2019\u00e9nergie investie par les \u00e9l\u00e8ves et le personnel pour r\u00e9ussir. Les pointes du soleil : Les diff\u00e9rentes mati\u00e8res enseign\u00e9es ainsi que le personnel qui les enseigne. La spirale : Le lien entre les mati\u00e8res et le personnel. La plan\u00e8te Terre : L\u2019ouverture sur le monde au c\u0153ur du programme d\u2019\u00e9ducation internationale offert \u00e0 la polyvalente.<\/p>\n","protected":false},"author":6,"featured_media":0,"parent":0,"menu_order":0,"comment_status":"closed","ping_status":"closed","template":"","meta":{"footnotes":""},"class_list":["post-407","page","type-page","status-publish","hentry"],"_links":{"self":[{"href":"https:\/\/psf.cssbe.gouv.qc.ca\/index.php?rest_route=\/wp\/v2\/pages\/407","targetHints":{"allow":["GET"]}}],"collection":[{"href":"https:\/\/psf.cssbe.gouv.qc.ca\/index.php?rest_route=\/wp\/v2\/pages"}],"about":[{"href":"https:\/\/psf.cssbe.gouv.qc.ca\/index.php?rest_route=\/wp\/v2\/types\/page"}],"author":[{"embeddable":true,"href":"https:\/\/psf.cssbe.gouv.qc.ca\/index.php?rest_route=\/wp\/v2\/users\/6"}],"replies":[{"embeddable":true,"href":"https:\/\/psf.cssbe.gouv.qc.ca\/index.php?rest_route=%2Fwp%2Fv2%2Fcomments&post=407"}],"version-history":[{"count":9,"href":"https:\/\/psf.cssbe.gouv.qc.ca\/index.php?rest_route=\/wp\/v2\/pages\/407\/revisions"}],"predecessor-version":[{"id":5482,"href":"https:\/\/psf.cssbe.gouv.qc.ca\/index.php?rest_route=\/wp\/v2\/pages\/407\/revisions\/5482"}],"wp:attachment":[{"href":"https:\/\/psf.cssbe.gouv.qc.ca\/index.php?rest_route=%2Fwp%2Fv2%2Fmedia&parent=407"}],"curies":[{"name":"wp","href":"https:\/\/api.w.org\/{rel}","templated":true}]}}