{"id":402,"date":"2014-02-28T11:45:48","date_gmt":"2014-02-28T16:45:48","guid":{"rendered":"http:\/\/psftest.csbe.qc.ca\/?page_id=402"},"modified":"2025-08-07T11:00:04","modified_gmt":"2025-08-07T15:00:04","slug":"bibliotheque","status":"publish","type":"page","link":"https:\/\/psf.cssbe.gouv.qc.ca\/?page_id=402","title":{"rendered":"Biblioth\u00e8que"},"content":{"rendered":"<p>La biblioth\u00e8que est ouverte tous les jours de 8 h 30 \u00e0 11 h 35 et de 12 h 05 \u00e0 15 h 35.<\/p>\n<p style=\"text-align: justify;\">\u00a0<a title=\"Regard\" href=\"http:\/\/www2.csbe.qc.ca\/regard_pstf\" target=\"_blank\" rel=\"noopener noreferrer\"><img loading=\"lazy\" decoding=\"async\" class=\"size-full wp-image-1201\" src=\"https:\/\/psf.cssbe.gouv.qc.ca\/wp-content\/uploads\/2014\/08\/regard.jpg\" alt=\"regard\" width=\"171\" height=\"80\" \/><\/a><\/p>\n<h3>Biblioth\u00e8que et centre de ressources multim\u00e9dia<\/h3>\n<p><strong>Responsable : Isabelle S. Dub\u00e9, technicienne en documentation<\/strong><\/p>\n<p><strong>Pr\u00eats:<\/strong><\/p>\n<ul>\n<li>Maximum d\u2019emprunt : Trois volumes et un p\u00e9riodique<\/li>\n<li>Dur\u00e9e de pr\u00eat : un cycle (neuf jours)<\/li>\n<\/ul>\n<p><strong>La biblioth\u00e8que, c\u2019est :<\/strong>\u00a0Un fond documentaire constitu\u00e9 de plus de 12 120 titres adapt\u00e9s aux besoins d\u2019informations et aux go\u00fbts litt\u00e9raires des \u00e9l\u00e8ves, comprenant :<\/p>\n<ul>\n<li>des documentaires<\/li>\n<li>des romans<\/li>\n<li>des bandes dessin\u00e9es en fran\u00e7ais, en anglais et en espagnol<\/li>\n<\/ul>\n<p><strong>Plusieurs ouvrages de r\u00e9f\u00e9rence, comprenant :<\/strong><\/p>\n<ul>\n<li>Des encyclop\u00e9dies<\/li>\n<li>Des dictionnaires<\/li>\n<li>Des atlas<\/li>\n<li>Des abonnements \u00e0 des\u00a0 p\u00e9riodiques en fran\u00e7ais et en anglais<\/li>\n<li>Des nouveaut\u00e9s de livres chaque ann\u00e9e<\/li>\n<li>Acc\u00e8s \u00e0 Internet et \u00e0 diff\u00e9rents c\u00e9d\u00e9roms<\/li>\n<li>Local de recherche\u00a0 pour travailler en \u00e9quipe ou individuellement (permet la consultation d\u2019un grand nombre d\u2019ouvrages de r\u00e9f\u00e9rences)<\/li>\n<li>Ordinateurs pour faciliter la recherche et la r\u00e9daction de travaux scolaires<\/li>\n<li>Aide personnalis\u00e9e pour la suggestion de lectures et de recherches<\/li>\n<li>Lire, \u00e9tudier et travailler dans un milieu id\u00e9al<\/li>\n<\/ul>\n","protected":false},"excerpt":{"rendered":"<p>La biblioth\u00e8que est ouverte tous les jours de 8 h 30 \u00e0 11 h 35 et de 12 h 05 \u00e0 15 h 35. \u00a0 Biblioth\u00e8que et centre de ressources multim\u00e9dia Responsable : Isabelle S. Dub\u00e9, technicienne en documentation Pr\u00eats: Maximum d\u2019emprunt : Trois volumes et un p\u00e9riodique Dur\u00e9e de pr\u00eat : un cycle (neuf jours) La biblioth\u00e8que, c\u2019est :\u00a0Un fond documentaire constitu\u00e9 de plus de 12 120 titres adapt\u00e9s aux besoins d\u2019informations et aux go\u00fbts litt\u00e9raires des \u00e9l\u00e8ves, comprenant : des documentaires des romans des bandes dessin\u00e9es en fran\u00e7ais, en anglais et en espagnol Plusieurs ouvrages de r\u00e9f\u00e9rence, comprenant : Des encyclop\u00e9dies Des dictionnaires Des atlas Des abonnements \u00e0 des\u00a0 p\u00e9riodiques en fran\u00e7ais et en anglais Des nouveaut\u00e9s de livres chaque ann\u00e9e Acc\u00e8s \u00e0 Internet et \u00e0 diff\u00e9rents c\u00e9d\u00e9roms Local de recherche\u00a0 pour travailler en \u00e9quipe ou individuellement (permet la consultation d\u2019un grand nombre d\u2019ouvrages de r\u00e9f\u00e9rences) Ordinateurs pour faciliter la recherche et la r\u00e9daction de travaux scolaires Aide personnalis\u00e9e pour la suggestion de lectures et de recherches Lire, \u00e9tudier et travailler dans un milieu id\u00e9al<\/p>\n","protected":false},"author":6,"featured_media":0,"parent":0,"menu_order":0,"comment_status":"closed","ping_status":"closed","template":"","meta":{"footnotes":""},"class_list":["post-402","page","type-page","status-publish","hentry"],"_links":{"self":[{"href":"https:\/\/psf.cssbe.gouv.qc.ca\/index.php?rest_route=\/wp\/v2\/pages\/402","targetHints":{"allow":["GET"]}}],"collection":[{"href":"https:\/\/psf.cssbe.gouv.qc.ca\/index.php?rest_route=\/wp\/v2\/pages"}],"about":[{"href":"https:\/\/psf.cssbe.gouv.qc.ca\/index.php?rest_route=\/wp\/v2\/types\/page"}],"author":[{"embeddable":true,"href":"https:\/\/psf.cssbe.gouv.qc.ca\/index.php?rest_route=\/wp\/v2\/users\/6"}],"replies":[{"embeddable":true,"href":"https:\/\/psf.cssbe.gouv.qc.ca\/index.php?rest_route=%2Fwp%2Fv2%2Fcomments&post=402"}],"version-history":[{"count":81,"href":"https:\/\/psf.cssbe.gouv.qc.ca\/index.php?rest_route=\/wp\/v2\/pages\/402\/revisions"}],"predecessor-version":[{"id":6160,"href":"https:\/\/psf.cssbe.gouv.qc.ca\/index.php?rest_route=\/wp\/v2\/pages\/402\/revisions\/6160"}],"wp:attachment":[{"href":"https:\/\/psf.cssbe.gouv.qc.ca\/index.php?rest_route=%2Fwp%2Fv2%2Fmedia&parent=402"}],"curies":[{"name":"wp","href":"https:\/\/api.w.org\/{rel}","templated":true}]}}