{"id":396,"date":"2014-02-28T10:54:06","date_gmt":"2014-02-28T15:54:06","guid":{"rendered":"http:\/\/psftest.csbe.qc.ca\/?page_id=396"},"modified":"2025-08-07T11:01:40","modified_gmt":"2025-08-07T15:01:40","slug":"activites-voyages-et-loisirs","status":"publish","type":"page","link":"https:\/\/psf.cssbe.gouv.qc.ca\/?page_id=396","title":{"rendered":"Voyages culturels"},"content":{"rendered":"\n<p>Cliquez sur le raccourci pour vous rendre au voyage recherch\u00e9.<\/p>\n\n\n\n<p><a href=\"#secondaire1\">Premi\u00e8re secondaire \u2013\u00a0 Boston<\/a><br><a href=\"#secondaire2\">Deuxi\u00e8me secondaire \u2013 New York<\/a><br><a href=\"#secondaire3\">Troisi\u00e8me secondaire \u2013\u00a0<\/a>Washington-Philadelphie<br><a href=\"#secondaire4\">Quatri\u00e8me secondaire \u2013 Voyage culturel <\/a><br><a href=\"#secondaire5\">Cinqui\u00e8me secondaire \u2013 <\/a><a href=\"#secondaire4\">Voyage de coop\u00e9ration internationale<\/a><a href=\"#secondaire5\">\u00a0au Guatemala<\/a><br><\/p>\n\n\n\n<hr class=\"wp-block-separator has-alpha-channel-opacity\"\/>\n\n\n\n<h2 class=\"wp-block-heading\"><a id=\"secondaire1\" name=\"secondaire1\"><\/a>Premi\u00e8re secondaire :<\/h2>\n\n\n\n<h3 class=\"wp-block-heading\">Date du voyage : <\/h3>\n\n\n\n<h3 class=\"wp-block-heading\">Itin\u00e9raire :&nbsp; Boston<\/h3>\n\n\n\n<p><strong>Co\u00fbt : $<\/strong><\/p>\n\n\n\n<p>Pour toutes questions concernant ce voyage, communiquez avec monsieur Dave Loubier, au 418-228-5541, poste 53222.<\/p>\n\n\n\n<hr class=\"wp-block-separator has-alpha-channel-opacity\"\/>\n\n\n\n<h2 class=\"wp-block-heading\"><a id=\"secondaire2\" name=\"secondaire2\"><\/a>Deuxi\u00e8me secondaire:<\/h2>\n\n\n\n<h3 class=\"wp-block-heading\">Date du voyage : <\/h3>\n\n\n\n<h3 class=\"wp-block-heading\">Itin\u00e9raire : New-York<\/h3>\n\n\n\n<p><strong>Co\u00fbt : $<\/strong><\/p>\n\n\n\n<p>Pour toutes questions concernant ce voyage, communiquez avec monsieur Dave Loubier, au 418-228-5541, poste 53222.<\/p>\n\n\n\n<hr class=\"wp-block-separator has-alpha-channel-opacity\"\/>\n\n\n\n<h2 class=\"wp-block-heading\"><a id=\"secondaire3\" name=\"secondaire3\"><\/a>Troisi\u00e8me secondaire: Washington-Philadelphie<\/h2>\n\n\n\n<h3 class=\"wp-block-heading\">Date du voyage : <\/h3>\n\n\n\n<h3 class=\"wp-block-heading\">Itin\u00e9raire : Washington-Philadelphie<\/h3>\n\n\n\n<p><strong>Co\u00fbt :&nbsp; $<\/strong><\/p>\n\n\n\n<p>Pour toutes questions concernant ce voyage, communiquez avec monsieur Dave Loubier, au 418-228-5541, poste 53222.<\/p>\n\n\n\n<hr class=\"wp-block-separator has-alpha-channel-opacity\"\/>\n\n\n\n<h2 class=\"wp-block-heading\"><a name=\"secondaire5\" id=\"secondaire5\"><\/a>Quatri\u00e8me secondaire: Voyage culturel en Espagne<\/h2>\n\n\n\n<h3 class=\"wp-block-heading\">Date du voyage : <\/h3>\n\n\n\n<h3 class=\"wp-block-heading\">Itin\u00e9raire : Pueblo, S\u00e9ville, Cordoue, Benalmadena,  Granada, Cadiz, <\/h3>\n\n\n\n<p><strong>Co\u00fbt : <\/strong>3455 $<\/p>\n\n\n\n<p>Pour toutes questions concernant ce voyage, communiquez avec monsieur Steve Breton, au 418-228-5541, poste 52560.<\/p>\n\n\n\n<hr class=\"wp-block-separator has-alpha-channel-opacity\"\/>\n\n\n\n<h2 class=\"wp-block-heading\"><a id=\"secondaire4\" name=\"secondaire4\"><\/a>Cinqui\u00e8me secondaire \u2013 Voyage de coop\u00e9ration internationale<\/h2>\n\n\n\n<h3 class=\"wp-block-heading\">Date du voyage : <\/h3>\n\n\n\n<h3 class=\"wp-block-heading\">Itin\u00e9raire : Ciudad Vieja, Antigua, Volcan Pacaya, Lac Atitl\u00e1n<\/h3>\n\n\n\n<p><strong>Co\u00fbt :<\/strong> $<\/p>\n\n\n\n<p>Pour toutes questions concernant ce voyage, communiquez avec monsieur Sindy Morin-Roy, au 418-228-5541, poste 52560.<\/p>\n\n\n\n<hr class=\"wp-block-separator has-alpha-channel-opacity\"\/>\n\n\n\n<h2 class=\"wp-block-heading\"><a id=\"secondaire4\" name=\"secondaire4\"><\/a><\/h2>\n\n\n\n<hr class=\"wp-block-separator has-alpha-channel-opacity\"\/>\n\n\n\n<h2>&nbsp;<\/h2>\n\n\n","protected":false},"excerpt":{"rendered":"<p>Cliquez sur le raccourci pour vous rendre au voyage recherch\u00e9. Premi\u00e8re secondaire \u2013\u00a0 BostonDeuxi\u00e8me secondaire \u2013 New YorkTroisi\u00e8me secondaire \u2013\u00a0Washington-PhiladelphieQuatri\u00e8me secondaire \u2013 Voyage culturel Cinqui\u00e8me secondaire \u2013 Voyage de coop\u00e9ration internationale\u00a0au Guatemala Premi\u00e8re secondaire : Date du voyage : Itin\u00e9raire :&nbsp; Boston Co\u00fbt : $ Pour toutes questions concernant ce voyage, communiquez avec monsieur Dave Loubier, au 418-228-5541, poste 53222. Deuxi\u00e8me secondaire: Date du voyage : Itin\u00e9raire : New-York Co\u00fbt : $ Pour toutes questions concernant ce voyage, communiquez avec monsieur Dave Loubier, au 418-228-5541, poste 53222. Troisi\u00e8me secondaire: Washington-Philadelphie Date du voyage : Itin\u00e9raire : Washington-Philadelphie Co\u00fbt :&nbsp; $ Pour toutes questions concernant ce voyage, communiquez avec monsieur Dave Loubier, au 418-228-5541, poste 53222. Quatri\u00e8me secondaire: Voyage culturel en Espagne Date du voyage : Itin\u00e9raire : Pueblo, S\u00e9ville, Cordoue, Benalmadena, Granada, Cadiz, Co\u00fbt : 3455 $ Pour toutes questions concernant ce voyage, communiquez avec monsieur Steve Breton, au 418-228-5541, poste 52560. Cinqui\u00e8me secondaire \u2013 Voyage de coop\u00e9ration internationale Date du voyage : Itin\u00e9raire : Ciudad Vieja, Antigua, Volcan Pacaya, Lac Atitl\u00e1n Co\u00fbt : $ Pour toutes questions concernant ce voyage, communiquez avec monsieur Sindy Morin-Roy, au 418-228-5541, poste 52560. &nbsp;<\/p>\n","protected":false},"author":6,"featured_media":0,"parent":0,"menu_order":0,"comment_status":"closed","ping_status":"closed","template":"","meta":{"footnotes":""},"class_list":["post-396","page","type-page","status-publish","hentry"],"_links":{"self":[{"href":"https:\/\/psf.cssbe.gouv.qc.ca\/index.php?rest_route=\/wp\/v2\/pages\/396","targetHints":{"allow":["GET"]}}],"collection":[{"href":"https:\/\/psf.cssbe.gouv.qc.ca\/index.php?rest_route=\/wp\/v2\/pages"}],"about":[{"href":"https:\/\/psf.cssbe.gouv.qc.ca\/index.php?rest_route=\/wp\/v2\/types\/page"}],"author":[{"embeddable":true,"href":"https:\/\/psf.cssbe.gouv.qc.ca\/index.php?rest_route=\/wp\/v2\/users\/6"}],"replies":[{"embeddable":true,"href":"https:\/\/psf.cssbe.gouv.qc.ca\/index.php?rest_route=%2Fwp%2Fv2%2Fcomments&post=396"}],"version-history":[{"count":67,"href":"https:\/\/psf.cssbe.gouv.qc.ca\/index.php?rest_route=\/wp\/v2\/pages\/396\/revisions"}],"predecessor-version":[{"id":6162,"href":"https:\/\/psf.cssbe.gouv.qc.ca\/index.php?rest_route=\/wp\/v2\/pages\/396\/revisions\/6162"}],"wp:attachment":[{"href":"https:\/\/psf.cssbe.gouv.qc.ca\/index.php?rest_route=%2Fwp%2Fv2%2Fmedia&parent=396"}],"curies":[{"name":"wp","href":"https:\/\/api.w.org\/{rel}","templated":true}]}}