{"id":125,"date":"2014-02-09T19:36:00","date_gmt":"2014-02-10T00:36:00","guid":{"rendered":"http:\/\/psftest.csbe.qc.ca\/?page_id=125"},"modified":"2026-04-02T05:39:22","modified_gmt":"2026-04-02T09:39:22","slug":"calendrier-des-activites","status":"publish","type":"page","link":"https:\/\/psf.cssbe.gouv.qc.ca\/?page_id=125","title":{"rendered":"Calendrier des activit\u00e9s"},"content":{"rendered":"\n<h1><span style=\"text-decoration: underline;\"><span style=\"color: #000000;\"><strong>Ann\u00e9e scolaire 2025-2026<\/strong><\/span><\/span><\/h1>\n<p>Calendrier <a href=\"https:\/\/psf.cssbe.gouv.qc.ca\/wp-content\/uploads\/2025\/09\/Calendrier-septembre.jpg\">septembre 2025<\/a><\/p>\n<p>Calendrier <a href=\"https:\/\/psf.cssbe.gouv.qc.ca\/wp-content\/uploads\/2025\/09\/Calendrier_octobre_vie_etudiante.png\">octobre 2025<\/a><\/p>\n\n\n\n<p>Calendrier <a href=\"https:\/\/psf.cssbe.gouv.qc.ca\/wp-content\/uploads\/2025\/11\/Calendrier_novembre.jpg\">novembre 2025<\/a><\/p>\n<p>Calendrier <a href=\"https:\/\/psf.cssbe.gouv.qc.ca\/wp-content\/uploads\/2025\/12\/calendrier_decembre.jpg\">d\u00e9cembre 2025<\/a><\/p>\n<p>Calendrier <a href=\"https:\/\/psf.cssbe.gouv.qc.ca\/wp-content\/uploads\/2026\/03\/Calendrier-fevrier25-26-18.jpg\">f\u00e9vrier 2026<\/a><\/p>\n<p>Calendrier <a href=\"https:\/\/psf.cssbe.gouv.qc.ca\/wp-content\/uploads\/2026\/03\/Calendrier_mars.jpg\">mars 2026<\/a><\/p>\n<p>Calendrier <a href=\"https:\/\/psf.cssbe.gouv.qc.ca\/wp-content\/uploads\/2026\/04\/calendrier_avril.jpg\">avril 2026<\/a><\/p>\n\n\n\n\n","protected":false},"excerpt":{"rendered":"<p>Ann\u00e9e scolaire 2025-2026 Calendrier septembre 2025 Calendrier octobre 2025 Calendrier novembre 2025 Calendrier d\u00e9cembre 2025 Calendrier f\u00e9vrier 2026 Calendrier mars 2026 Calendrier avril 2026<\/p>\n","protected":false},"author":6,"featured_media":0,"parent":0,"menu_order":0,"comment_status":"closed","ping_status":"closed","template":"","meta":{"footnotes":""},"class_list":["post-125","page","type-page","status-publish","hentry"],"_links":{"self":[{"href":"https:\/\/psf.cssbe.gouv.qc.ca\/index.php?rest_route=\/wp\/v2\/pages\/125","targetHints":{"allow":["GET"]}}],"collection":[{"href":"https:\/\/psf.cssbe.gouv.qc.ca\/index.php?rest_route=\/wp\/v2\/pages"}],"about":[{"href":"https:\/\/psf.cssbe.gouv.qc.ca\/index.php?rest_route=\/wp\/v2\/types\/page"}],"author":[{"embeddable":true,"href":"https:\/\/psf.cssbe.gouv.qc.ca\/index.php?rest_route=\/wp\/v2\/users\/6"}],"replies":[{"embeddable":true,"href":"https:\/\/psf.cssbe.gouv.qc.ca\/index.php?rest_route=%2Fwp%2Fv2%2Fcomments&post=125"}],"version-history":[{"count":97,"href":"https:\/\/psf.cssbe.gouv.qc.ca\/index.php?rest_route=\/wp\/v2\/pages\/125\/revisions"}],"predecessor-version":[{"id":6423,"href":"https:\/\/psf.cssbe.gouv.qc.ca\/index.php?rest_route=\/wp\/v2\/pages\/125\/revisions\/6423"}],"wp:attachment":[{"href":"https:\/\/psf.cssbe.gouv.qc.ca\/index.php?rest_route=%2Fwp%2Fv2%2Fmedia&parent=125"}],"curies":[{"name":"wp","href":"https:\/\/api.w.org\/{rel}","templated":true}]}}